{"id":1164,"date":"2022-03-17T13:19:45","date_gmt":"2022-03-17T12:19:45","guid":{"rendered":"https:\/\/poznan.wiih.gov.pl\/nowy-bip\/?page_id=1164"},"modified":"2024-01-12T10:21:10","modified_gmt":"2024-01-12T09:21:10","slug":"deklaracja-dostepnosci","status":"publish","type":"page","link":"https:\/\/poznan.wiih.gov.pl\/nowy-bip\/deklaracja-dostepnosci\/","title":{"rendered":"Deklaracja dost\u0119pno\u015bci"},"content":{"rendered":"<h2><\/h2>\n<h2><\/h2>\n<h2>Deklaracja dost\u0119pno\u015bci serwisu poznan.wiih.gov.pl<\/h2>\n<p>&nbsp;<\/p>\n<div><span id=\"a11y-podmiot\">Wojew\u00f3dzki Inspektorat Inspekcji Handlowej w Poznaniu<\/span>\u00a0zobowi\u0105zuje si\u0119 zapewni\u0107 dost\u0119pno\u015b\u0107 strony internetowej poznan.wiih.gov.pl zgodnie z ustaw\u0105 z dnia 4 kwietnia 2019 r. o dost\u0119pno\u015bci cyfrowej stron internetowych i aplikacji mobilnych podmiot\u00f3w publicznych. O\u015bwiadczenie w sprawie dost\u0119pno\u015bci ma zastosowanie do\u00a0<a id=\"a11y-url\" role=\"link\" href=\"http:\/\/poznan.wiih.gov.pl\/\">strony internetowej\u00a0<span id=\"a11y-podmiot\">Wojew\u00f3dzkiego Inspektoratu Inspekcji Handlowej w Poznaniu<\/span><\/a>\u00a0 Data publikacji strony internetowej:\u00a0<span id=\"a11y-data-publikacja\">2018-02-11<\/span><br \/>\nData ostatniej du\u017cej aktualizacji:\u00a0<span id=\"a11y-data-aktualizacja\">2022-03-01<\/span><br \/>\n<span id=\"a11y-status\">Strona internetowa jest zgodna z ustaw\u0105 z dnia 4 kwietnia 2019 r. o dost\u0119pno\u015bci cyfrowej stron internetowych i aplikacji mobilnych podmiot\u00f3w publicznych.<\/span><br \/>\nJednocze\u015bnie pragniemy zapewni\u0107, i\u017c Nasi redaktorzy na bie\u017c\u0105co staraj\u0105 si\u0119 pokona\u0107 wszelkie wychwycone braki dost\u0119pno\u015bci powsta\u0142e na naszej stronie. Na stronie internetowej mo\u017cna korzysta\u0107 ze standardowych skr\u00f3t\u00f3w klawiaturowych. O\u015bwiadczenie sporz\u0105dzono dnia:\u00a0<span id=\"a11y-data-sporzadzenie\">2022-03-01<\/span>. Deklaracj\u0119 sporz\u0105dzono na podstawie samooceny przeprowadzonej przez podmiot publiczny.<br \/>\nDeklaracja zosta\u0142a zaktualizowana dnia<span id=\"a11y-data-aktualizacja\"> 2024-01-12<\/span>.<\/p>\n<h3 id=\"a11y-kontakt\">Informacje zwrotne i dane kontaktowe<\/h3>\n<p>W przypadku problem\u00f3w z dost\u0119pno\u015bci\u0105 strony internetowej prosimy o kontakt. Osob\u0105 kontaktow\u0105 jest Magdalena Barcz-Przybylska, mail: dostepnosc@<span id=\"a11y-email\">poznan.wiih.gov.pl<\/span>. Kontaktowa\u0107 mo\u017cna si\u0119 tak\u017ce dzwoni\u0105c na numer telefonu\u00a0<span id=\"a11y-telefon\">61 850-73-32<\/span>. T\u0105 sam\u0105 drog\u0105 mo\u017cna sk\u0142ada\u0107 wnioski o udost\u0119pnienie informacji niedost\u0119pnej oraz sk\u0142ada\u0107 skargi na brak zapewnienia dost\u0119pno\u015bci.<\/p>\n<h3>Informacje na temat procedury<\/h3>\n<p id=\"a11y-procedura\">Ka\u017cdy ma prawo do wyst\u0105pienia z \u017c\u0105daniem zapewnienia dost\u0119pno\u015bci cyfrowej strony internetowej, aplikacji mobilnej lub jakiego\u015b ich elementu. Mo\u017cna tak\u017ce za\u017c\u0105da\u0107 udost\u0119pnienia informacji za pomoc\u0105 alternatywnego sposobu dost\u0119pu, na przyk\u0142ad przez odczytanie niedost\u0119pnego cyfrowo dokumentu, opisanie zawarto\u015bci filmu bez audiodeskrypcji itp. \u017b\u0105danie powinno zawiera\u0107 dane osoby zg\u0142aszaj\u0105cej \u017c\u0105danie, wskazanie, o kt\u00f3r\u0105 stron\u0119 internetow\u0105 lub aplikacj\u0119 mobiln\u0105 chodzi oraz spos\u00f3b kontaktu. Je\u017celi osoba \u017c\u0105daj\u0105ca zg\u0142asza potrzeb\u0119 otrzymania informacji za pomoc\u0105 alternatywnego sposobu dost\u0119pu, powinna tak\u017ce okre\u015bli\u0107 dogodny dla niej spos\u00f3b przedstawienia tej informacji. Podmiot publiczny powinien zrealizowa\u0107 \u017c\u0105danie niezw\u0142ocznie, nie p\u00f3\u017aniej ni\u017c w ci\u0105gu 7 dni od dnia wyst\u0105pienia z \u017c\u0105daniem. Je\u017celi dotrzymanie tego terminu nie jest mo\u017cliwe, podmiot publiczny niezw\u0142ocznie informuje o tym wnosz\u0105cego \u017c\u0105danie, kiedy realizacja \u017c\u0105dania b\u0119dzie mo\u017cliwa, przy czym termin ten nie mo\u017ce by\u0107 d\u0142u\u017cszy ni\u017c 2 miesi\u0105ce od dnia wyst\u0105pienia z \u017c\u0105daniem. Je\u017celi zapewnienie dost\u0119pno\u015bci cyfrowej nie jest mo\u017cliwe, podmiot publiczny mo\u017ce zaproponowa\u0107 alternatywny spos\u00f3b dost\u0119pu do informacji. W przypadku, gdy podmiot publiczny odm\u00f3wi realizacji \u017c\u0105dania zapewnienia dost\u0119pno\u015bci lub alternatywnego sposobu dost\u0119pu do informacji, wnosz\u0105cy \u017c\u0105danie mo\u017cne z\u0142o\u017cy\u0107 skarg\u0119 w sprawie zapewniana dost\u0119pno\u015bci cyfrowej strony internetowej, aplikacji mobilnej lub elementu strony internetowej, lub aplikacji mobilnej. Po wyczerpaniu wskazanej wy\u017cej procedury mo\u017cna tak\u017ce z\u0142o\u017cy\u0107 wniosek do Rzecznika Praw Obywatelskich.<\/p>\n<p><a role=\"link\" href=\"https:\/\/www.rpo.gov.pl\/\">Strona Rzecznika Praw Obywatelskich<\/a><\/p>\n<h3><\/h3>\n<h3>Dost\u0119pno\u015b\u0107 architektoniczna<\/h3>\n<p>&nbsp;<\/p>\n<h4><strong>Inspekcja Handlowa w Poznaniu mie\u015bci si\u0119 przy Alejach Marcinkowskiego 3, pi\u0119tra I-IV<\/strong><\/h4>\n<p>Budynek sze\u015bciokondygnacyjny (piwnica, parter, pi\u0119tra 1-4), zabytkowy, znajduj\u0105cy si\u0119 pod ochron\u0105 konserwatorsk\u0105, nie zosta\u0142 wyposa\u017cony w wind\u0119. Klatka schodowa z por\u0119czami po jednej stronie. Budynek nie jest przystosowany dla os\u00f3b korzystaj\u0105cy z w\u00f3zka inwalidzkiego lub innych przyrz\u0105d\u00f3w u\u0142atwiaj\u0105cych poruszanie si\u0119 oraz os\u00f3b z ma\u0142ymi dzie\u0107mi. Istnieje mo\u017cliwo\u015b\u0107 ograniczonej obs\u0142ugi klienta w holu budynku (brak wydzielonej przestrzeni zamkni\u0119tej). Przy wej\u015bciu umieszczone s\u0105 oznaczenia z nazw\u0105 instytucji i numerem budynku. Drzwi wej\u015bciowe jednoskrzyd\u0142owe, nie posiadaj\u0105 funkcji automatycznego otwierania. Po lewej stronie, na wysoko\u015bci oko\u0142o 1 metra, znajduje si\u0119 domofon umo\u017cliwiaj\u0105cy przywo\u0142anie pracownika. Inspekcja dysponuje ramp\u0105 przeno\u015bn\u0105, u\u0142atwiaj\u0105ca wej\u015bcie do budynku. Nie zastosowano znacznik\u00f3w dla niewidomych totupoint oraz oznakowania w j\u0119zyku Braille\u2019a. Do budynku mo\u017cna wej\u015b\u0107 z psem asystuj\u0105cym. Budynek nie jest wyposa\u017cony w toalet\u0119 przystosowan\u0105 dla os\u00f3b poruszaj\u0105cych si\u0119 na w\u00f3zku inwalidzkim i os\u00f3b z ma\u0142ymi dzie\u0107mi. Inspekcja nie dysponuje w\u0142asnymi miejscami parkingowymi. Budynek usytuowany jest w \u015ar\u00f3dmiejskiej Strefie Parkowania gdzie znajduj\u0105 si\u0119 og\u00f3lnodost\u0119pne p\u0142atne miejsca parkingowe (<a role=\"link\" href=\"https:\/\/zdm.poznan.pl\/pl\/strefa-platnego-parkowania\">\u00a0https:\/\/zdm.poznan.pl\/pl\/strefa-platnego-parkowania<\/a>) oraz koperty dla os\u00f3b z niepe\u0142nosprawno\u015bciami (<a role=\"link\" href=\"https:\/\/zdm.poznan.pl\/pl\/koperty\">https:\/\/zdm.poznan.pl\/pl\/koperty<\/a>). W odleg\u0142o\u015bci oko\u0142o 300 metr\u00f3w znajduje si\u0119 przystanek tramwajowy \u201ePlac Wielkopolski\u201d oraz autobusowy \u201eSolna\u201d (<a role=\"link\" href=\"https:\/\/www.ztm.poznan.pl\/pl\/rozklad-jazdy\/\">https:\/\/www.ztm.poznan.pl\/pl\/rozklad-jazdy\/<\/a>).<\/p>\n<h4><strong>Delegatura Inspekcji Handlowej w Kaliszu mie\u015bci si\u0119 przy ul. Kolegialnej 4, II pi\u0119tro<\/strong><\/h4>\n<p>Budynek pi\u0119ciokondygnacyjny (piwnica, parter, pi\u0119tra 1-2, strych), zabytkowy, znajduj\u0105cy si\u0119 pod ochron\u0105 konserwatorsk\u0105, nie jest wyposa\u017cony w wind\u0119. Klatka schodowa z por\u0119czami cz\u0119\u015bciowo po obu stronach. Budynek nie jest przystosowany dla os\u00f3b korzystaj\u0105cy z w\u00f3zka inwalidzkiego lub innych przyrz\u0105d\u00f3w u\u0142atwiaj\u0105cych poruszanie si\u0119 oraz os\u00f3b z ma\u0142ymi dzie\u0107mi. Nieca\u0142y metr od drzwi wej\u015bciowych znajduj\u0105 si\u0119 schody, kt\u00f3re uniemo\u017cliwiaj\u0105 wej\u015bcie do budynku osobie poruszaj\u0105cej si\u0119 na w\u00f3zku inwalidzkim. Przy wej\u015bciu umieszczone s\u0105 oznaczenia z nazw\u0105 instytucji i numerem budynku. Drzwi wej\u015bciowe s\u0105 dwuskrzyd\u0142owe i nie posiadaj\u0105 funkcji automatycznego otwierania. Brak domofonu lub dzwonka umo\u017cliwiaj\u0105cego przywo\u0142ania pracownika Inspekcji lub ochrony. Nie zastosowano znacznik\u00f3w dla niewidomych totupoint oraz oznakowania w j\u0119zyku Braille\u2019a. Do budynku mo\u017cna wej\u015b\u0107 z psem asystuj\u0105cym. Toaleta dla os\u00f3b z niepe\u0142nosprawno\u015bci\u0105 znajduje si\u0119 na parterze. Inspekcja nie dysponuje w\u0142asnymi miejscami parkingowymi. Budynek usytuowany jest w Strefie P\u0142atnego Parkowania z og\u00f3lnodost\u0119pnymi p\u0142atnymi miejscami parkingowymi oraz kopertami dla os\u00f3b z niepe\u0142nosprawno\u015bciami (<a role=\"link\" href=\"https:\/\/zdm.kalisz.pl\/strefa-parkowania\/\">https:\/\/zdm.kalisz.pl\/strefa-parkowania\/<\/a>). Najbli\u017csza koperta znajduje si\u0119 na wprost wej\u015bcia do budynku. W odleg\u0142o\u015bci oko\u0142o 500 metr\u00f3w znajduj\u0105 si\u0119 przystanek Kaliskich Linii Autobusowych \u201ePlac Jana Paw\u0142a II\u201d (<a role=\"link\" href=\"https:\/\/kla.com.pl\/rozklad-jazdy-2\/\">https:\/\/kla.com.pl\/rozklad-jazdy-2\/<\/a>).<\/p>\n<h4><strong>Delegatura Inspekcji Handlowej w Koninie mie\u015bci si\u0119 przy Alejach 1 Maja 7, parter<\/strong><\/h4>\n<p>Budynek czterokondygnacyjny (przyziemie, parter, pi\u0119tra 1-2), wyposa\u017cony w wind\u0119. Klatka schodowa z por\u0119czami po jednej stronie. Przy wej\u015bciu umieszczone s\u0105 oznaczenia z nazw\u0105 instytucji i numerem budynku. Drzwi wej\u015bciowe przeszklone, nie posiadaj\u0105 funkcji automatycznego otwierania. Wej\u015bcie do budynku z poziomu chodnika. Na \u015bcianie budynku, po prawej stronie przy wej\u015bciu znajduje si\u0119 dzwonek, kt\u00f3ry umo\u017cliwia przywo\u0142anie osoby z portierni. W budynku znajduje si\u0119 p\u0119tla indukcyjna. Nie zastosowano znacznik\u00f3w dla niewidomych totupoint oraz oznakowania w j\u0119zyku Braille\u2019a. Do budynku mo\u017cna wej\u015b\u0107 z psem asystuj\u0105cym. Na parterze zlokalizowana jest toaleta przystosowana dla os\u00f3b poruszaj\u0105cych si\u0119 na w\u00f3zku inwalidzkim oraz pok\u00f3j cichej obs\u0142ugi i opiekun\u00f3w z dzie\u0107mi. Inspekcja nie dysponuje w\u0142asnymi miejscami parkingowymi. Budynek usytuowany jest w Strefie P\u0142atnego Parkowania z og\u00f3lnodost\u0119pnymi p\u0142atnymi miejscami parkingowymi oraz kopertami dla os\u00f3b z niepe\u0142nosprawno\u015bciami (<a role=\"link\" href=\"https:\/\/zdm-konin.pl\/informacje\/strefa-platnego-parkowania\/\">https:\/\/zdm-konin.pl\/informacje\/strefa-platnego-parkowania\/<\/a>). Najbli\u017csza koperta oddalona jest o oko\u0142o 20 metr\u00f3w od wej\u015bcia do budynku. W odleg\u0142o\u015bci oko\u0142o 200 metr\u00f3w znajduje si\u0119 przystanek autobusowy \u201eAleja 1 Maja\u201d (<a role=\"link\" href=\"https:\/\/mzk-konin.com.pl\/\">https:\/\/mzk-konin.com.pl\/<\/a>).<\/p>\n<h4><\/h4>\n<h4><strong>Delegatura Inspekcji Handlowej w Pile mie\u015bci si\u0119 przy ul. Dzieci Polskich 26, II pi\u0119tro<\/strong><\/h4>\n<p>Budynek czterokondygnacyjny (piwnica, parter, pi\u0119tra 1-2), wyposa\u017cony w platform\u0119 umo\u017cliwiaj\u0105ca wej\u015bcie na parter budynku. Platforma jest oznaczona i wyposa\u017cona w instrukcj\u0119 obs\u0142ugi. Klatka schodowa z por\u0119czami po jednej stronie. Parter budynek jest przystosowany dla os\u00f3b korzystaj\u0105cy z w\u00f3zka inwalidzkiego lub innych przyrz\u0105d\u00f3w u\u0142atwiaj\u0105cych poruszanie si\u0119 oraz os\u00f3b z ma\u0142ymi dzie\u0107mi. Przy wej\u015bciu umieszczone s\u0105 oznaczenia z nazw\u0105 instytucji i numerem budynku. Drzwi wej\u015bciowe przeszklone, wyposa\u017cone w funkcj\u0119 automatycznego otwierania. Nie zastosowano znacznik\u00f3w dla niewidomych totupoint oraz oznakowania w j\u0119zyku Braille\u2019a. Do budynku mo\u017cna wej\u015b\u0107 z psem asystuj\u0105cym. Na parterze zlokalizowana jest toaleta przystosowana dla os\u00f3b poruszaj\u0105cych si\u0119 na w\u00f3zku inwalidzkim. Przed wej\u015bciem do budynku znajduj\u0105 si\u0119 og\u00f3lnodost\u0119pne miejsca parkingowe. Nie zosta\u0142a wyznaczona koperta dla os\u00f3b z niepe\u0142nosprawno\u015bciami.<br \/>\nW odleg\u0142o\u015bci oko\u0142o 200 metr\u00f3w znajduje si\u0119 przystanek autobusowy komunikacji miejskiej \u201eKs.Popie\u0142uszki\/ SP nr 5\u201d oraz oko\u0142o 400 metr\u00f3w przystanek \u201eAl.Niepodleg\u0142o\u015bci\/ Starostwo Powiatowe\u201d (<a role=\"link\" href=\"https:\/\/www.mzk.pila.pl\/znajdz-polaczenie.html\">https:\/\/www.mzk.pila.pl\/znajdz-polaczenie.html<\/a>).<\/p>\n<h4><\/h4>\n<h4><strong>Delegatura Inspekcji Handlowej w Lesznie mie\u015bci si\u0119 przy Placu Metziga 1, II pi\u0119tro<\/strong><\/h4>\n<p>Budynek pi\u0119ciokondygnacyjny (piwnica, parter, pi\u0119tra 1-3), zabytkowy, znajduj\u0105cy si\u0119 pod ochron\u0105 konserwatorsk\u0105, nie zosta\u0142 wyposa\u017cony w wind\u0119. Klatka schodowa z por\u0119czami po jednej stronie. Budynek nie jest przystosowany dla os\u00f3b korzystaj\u0105cy z w\u00f3zka inwalidzkiego lub innych przyrz\u0105d\u00f3w u\u0142atwiaj\u0105cych poruszanie si\u0119 oraz os\u00f3b z ma\u0142ymi dzie\u0107mi. Istnieje mo\u017cliwo\u015b\u0107 ograniczonej obs\u0142ugi we wn\u0119trzu budynku (przestrze\u0144 klatki schodowej). W budynku nie znajduje si\u0119 portiernia. Przy wej\u015bciu umieszczone s\u0105 oznaczenia z nazw\u0105 instytucji i numerem budynku. Drzwi wej\u015bciowe dwuskrzyd\u0142owe nie posiadaj\u0105 funkcji automatycznego otwierania. Istnieje mo\u017cliwo\u015b\u0107 przywo\u0142ania pracownika Inspekcji za po\u015brednictwem domofonu. Nie zastosowano znacznik\u00f3w dla niewidomych totupoint oraz oznakowania w j\u0119zyku Braille\u2019a. Do budynku mo\u017cna wej\u015b\u0107 z psem asystuj\u0105cym. Budynek nie jest wyposa\u017cony w toalet\u0119 przystosowan\u0105 dla os\u00f3b poruszaj\u0105cych si\u0119 na w\u00f3zku inwalidzkim i os\u00f3b z ma\u0142ymi dzie\u0107mi. Inspekcja nie posiada w\u0142asnych miejsc parkingowych. Budynek usytuowany jest w Strefie P\u0142atnego Parkowania gdzie znajduj\u0105 si\u0119 og\u00f3lnodost\u0119pne p\u0142atne miejsca parkingowe (https:\/\/www.leszno.pl\/Strefa_platnego_parkowania.html) bezpo\u015brednio przed budynkiem znajduj\u0105 si\u0119 trzy koperty dla os\u00f3b z niepe\u0142nosprawno\u015bciami. W odleg\u0142o\u015bci oko\u0142o 200 metr\u00f3w znajduj\u0105 si\u0119 przystanki autobusowe \u201eKrasi\u0144skiego\u201d oraz oko\u0142o 400 metr\u00f3w \u201eMarcinkowskiego liceum\u201d (<a role=\"link\" href=\"https:\/\/mzk.leszno.pl\/news\/w-8\/korekta-rozkladu-jazdy\">\u00a0https:\/\/mzk.leszno.pl\/news\/w-8\/korekta-rozkladu-jazdy\u00a0<\/a>), (<a role=\"link\" href=\"http:\/\/rozklad.com\/maps\/rozQR.php?IDKlienta=LESZNO_MZK\">http:\/\/rozklad.com\/maps\/rozQR.php?IDKlienta=LESZNO_MZK<\/a>).<\/p>\n<\/div>\n<h2><\/h2>\n<h2><\/h2>\n<div>\n<p>&nbsp;<\/p>\n<\/div>\n","protected":false},"excerpt":{"rendered":"<p>Deklaracja dost\u0119pno\u015bci serwisu poznan.wiih.gov.pl &nbsp; Wojew\u00f3dzki Inspektorat Inspekcji Handlowej w Poznaniu\u00a0zobowi\u0105zuje si\u0119 zapewni\u0107 dost\u0119pno\u015b\u0107 strony internetowej poznan.wiih.gov.pl zgodnie z ustaw\u0105 z dnia 4 kwietnia 2019 r. o dost\u0119pno\u015bci cyfrowej stron internetowych i aplikacji mobilnych podmiot\u00f3w publicznych. O\u015bwiadczenie w sprawie dost\u0119pno\u015bci ma zastosowanie do\u00a0strony internetowej\u00a0Wojew\u00f3dzkiego Inspektoratu Inspekcji Handlowej w Poznaniu\u00a0 Data publikacji strony internetowej:\u00a02018-02-11 Data ostatniej [&hellip;]<\/p>\n","protected":false},"author":1,"featured_media":0,"parent":0,"menu_order":0,"comment_status":"closed","ping_status":"closed","template":"","meta":{"_lmt_disableupdate":"no","_lmt_disable":"no","site-sidebar-layout":"default","site-content-layout":"default","ast-site-content-layout":"","site-content-style":"default","site-sidebar-style":"default","ast-global-header-display":"","ast-banner-title-visibility":"","ast-main-header-display":"","ast-hfb-above-header-display":"","ast-hfb-below-header-display":"","ast-hfb-mobile-header-display":"","site-post-title":"","ast-breadcrumbs-content":"","ast-featured-img":"","footer-sml-layout":"","theme-transparent-header-meta":"default","adv-header-id-meta":"","stick-header-meta":"","header-above-stick-meta":"","header-main-stick-meta":"","header-below-stick-meta":"","astra-migrate-meta-layouts":"default","ast-page-background-enabled":"default","ast-page-background-meta":{"desktop":{"background-color":"","background-image":"","background-repeat":"repeat","background-position":"center center","background-size":"auto","background-attachment":"scroll","background-type":"","background-media":"","overlay-type":"","overlay-color":"","overlay-opacity":"","overlay-gradient":""},"tablet":{"background-color":"","background-image":"","background-repeat":"repeat","background-position":"center center","background-size":"auto","background-attachment":"scroll","background-type":"","background-media":"","overlay-type":"","overlay-color":"","overlay-opacity":"","overlay-gradient":""},"mobile":{"background-color":"","background-image":"","background-repeat":"repeat","background-position":"center center","background-size":"auto","background-attachment":"scroll","background-type":"","background-media":"","overlay-type":"","overlay-color":"","overlay-opacity":"","overlay-gradient":""}},"ast-content-background-meta":{"desktop":{"background-color":"var(--ast-global-color-5)","background-image":"","background-repeat":"repeat","background-position":"center center","background-size":"auto","background-attachment":"scroll","background-type":"","background-media":"","overlay-type":"","overlay-color":"","overlay-opacity":"","overlay-gradient":""},"tablet":{"background-color":"var(--ast-global-color-5)","background-image":"","background-repeat":"repeat","background-position":"center center","background-size":"auto","background-attachment":"scroll","background-type":"","background-media":"","overlay-type":"","overlay-color":"","overlay-opacity":"","overlay-gradient":""},"mobile":{"background-color":"var(--ast-global-color-5)","background-image":"","background-repeat":"repeat","background-position":"center center","background-size":"auto","background-attachment":"scroll","background-type":"","background-media":"","overlay-type":"","overlay-color":"","overlay-opacity":"","overlay-gradient":""}},"footnotes":""},"class_list":["post-1164","page","type-page","status-publish","hentry"],"_links":{"self":[{"href":"https:\/\/poznan.wiih.gov.pl\/nowy-bip\/wp-json\/wp\/v2\/pages\/1164"}],"collection":[{"href":"https:\/\/poznan.wiih.gov.pl\/nowy-bip\/wp-json\/wp\/v2\/pages"}],"about":[{"href":"https:\/\/poznan.wiih.gov.pl\/nowy-bip\/wp-json\/wp\/v2\/types\/page"}],"author":[{"embeddable":true,"href":"https:\/\/poznan.wiih.gov.pl\/nowy-bip\/wp-json\/wp\/v2\/users\/1"}],"replies":[{"embeddable":true,"href":"https:\/\/poznan.wiih.gov.pl\/nowy-bip\/wp-json\/wp\/v2\/comments?post=1164"}],"version-history":[{"count":7,"href":"https:\/\/poznan.wiih.gov.pl\/nowy-bip\/wp-json\/wp\/v2\/pages\/1164\/revisions"}],"predecessor-version":[{"id":1663,"href":"https:\/\/poznan.wiih.gov.pl\/nowy-bip\/wp-json\/wp\/v2\/pages\/1164\/revisions\/1663"}],"wp:attachment":[{"href":"https:\/\/poznan.wiih.gov.pl\/nowy-bip\/wp-json\/wp\/v2\/media?parent=1164"}],"curies":[{"name":"wp","href":"https:\/\/api.w.org\/{rel}","templated":true}]}}