{"id":1598,"date":"2023-11-28T11:10:17","date_gmt":"2023-11-28T10:10:17","guid":{"rendered":"https:\/\/poznan.wiih.gov.pl\/nowy-bip\/?page_id=1598"},"modified":"2024-10-08T10:24:25","modified_gmt":"2024-10-08T08:24:25","slug":"rok-2023","status":"publish","type":"page","link":"https:\/\/poznan.wiih.gov.pl\/nowy-bip\/decyzje\/rok-2023\/","title":{"rendered":"Rok 2023"},"content":{"rendered":"<p><strong><u>Wszystkie publikowane decyzje s\u0105 prawomocne i ostateczne<\/u><\/strong><\/p>\n<p>&nbsp;<\/p>\n<p><a href=\"https:\/\/poznan.wiih.gov.pl\/nowy-bip\/wp-content\/uploads\/2024\/10\/87-D.KO_.UH_.8361.21.2023-tekst-dostepny-cyfrowo-dla-osob-ze-szczegolnymi-potrzebami-1.docx\">87 D.KO.UH.8361.21.2023 tekst dost\u0119pny cyfrowo dla os\u00f3b ze szczeg\u00f3lnymi potrzebami<\/a><\/p>\n<p><a href=\"https:\/\/poznan.wiih.gov.pl\/nowy-bip\/wp-content\/uploads\/2024\/10\/87-D.KO_.UH_.8361.21.2023-1.docx\">87 D.KO.UH.8361.21.2023<\/a><\/p>\n<p><a href=\"https:\/\/poznan.wiih.gov.pl\/nowy-bip\/wp-content\/uploads\/2024\/10\/97-D.KO_.UH_.8361.31.2023-tekst-dostepny-cyfrowo-dla-osob-ze-szczegolnymi-potrzebami-1.docx\">97 D.KO.UH.8361.31.2023 tekst dostepny cyfrowo dla os\u00f3b ze szczeg\u00f3lnymi potrzebami<\/a><\/p>\n<p><a href=\"https:\/\/poznan.wiih.gov.pl\/nowy-bip\/wp-content\/uploads\/2024\/10\/97-D.KO_.UH_.8361.31.2023-1.docx\">97 D.KO.UH.8361.31.2023<\/a><\/p>\n<p><a href=\"https:\/\/poznan.wiih.gov.pl\/nowy-bip\/wp-content\/uploads\/2024\/10\/110-D.KO_.UH_.8361.35.2023-tekst-dostepy-cyfrowo-dla-osob-ze-szczegolnymi-potrzebami-1.docx\">110 D.KO.UH.8361.35.2023 tekst dost\u0119py cyfrowo dla os\u00f3b ze szczeg\u00f3lnymi potrzebami<\/a><\/p>\n<p><a href=\"https:\/\/poznan.wiih.gov.pl\/nowy-bip\/wp-content\/uploads\/2024\/10\/110-D.KO_.UH_.8361.35.2023-1.docx\">110 D.KO.UH.8361.35.2023<\/a><\/p>\n<p><a href=\"https:\/\/poznan.wiih.gov.pl\/nowy-bip\/wp-content\/uploads\/2024\/10\/113-D.KO_.UH_.8361.33.2023-tekst-dostepny-cyfrowo-dla-osob-ze-szczegolnymi-potrzebami.docx\">113 D.KO.UH.8361.33.2023 tekst dost\u0119pny cyfrowo dla os\u00f3b ze szczeg\u00f3lnymi potrzebami<\/a><\/p>\n<p><a href=\"https:\/\/poznan.wiih.gov.pl\/nowy-bip\/wp-content\/uploads\/2024\/10\/113-D.KO_.UH_.8361.33.2023.docx\">113 D.KO.UH.8361.33.2023<\/a><\/p>\n<p><a href=\"https:\/\/poznan.wiih.gov.pl\/nowy-bip\/wp-content\/uploads\/2024\/10\/124-D.KO_.UH_.8361.38.2023-tekst-dostepny-cyfrowo-dla-osob-ze-szczegolnymi-potrzebami.docx\">124 D.KO.UH.8361.38.2023 tekst dost\u0119pny cyfrowo dla os\u00f3b ze szczeg\u00f3lnymi potrzebami<\/a><\/p>\n<p><a href=\"https:\/\/poznan.wiih.gov.pl\/nowy-bip\/wp-content\/uploads\/2024\/10\/124-D.KO_.UH_.8361.38.2023.docx\">124 D.KO.UH.8361.38.2023<\/a><\/p>\n<p><a href=\"https:\/\/poznan.wiih.gov.pl\/nowy-bip\/wp-content\/uploads\/2024\/10\/302-UH.8361.148.2023-tekst-dostepny-cyfrowo-dla-osob-ze-szczegolnymi-potrzebami.docx\">302 UH.8361.148.2023 tekst dost\u0119pny cyfrowo dla os\u00f3b ze szczeg\u00f3lnymi potrzebami<\/a><\/p>\n<p><a href=\"https:\/\/poznan.wiih.gov.pl\/nowy-bip\/wp-content\/uploads\/2024\/10\/302-UH.8361.148.2023.docx\">302 UH.8361.148.2023<\/a><\/p>\n<p><a href=\"https:\/\/poznan.wiih.gov.pl\/nowy-bip\/wp-content\/uploads\/2024\/10\/303-UH.8361.196.2023-tekst-dostepny-cyfrowo-dla-osob-ze-szczegolnymi-potrzebami.docx\">303 UH.8361.196.2023 tekst dost\u0119pny cyfrowo dla os\u00f3b ze szczeg\u00f3lnymi potrzebami<\/a><\/p>\n<p><a href=\"https:\/\/poznan.wiih.gov.pl\/nowy-bip\/wp-content\/uploads\/2024\/10\/303-UH.8361.196.2023.docx\">303 UH.8361.196.2023<\/a><\/p>\n<p>&nbsp;<\/p>\n","protected":false},"excerpt":{"rendered":"<p>Wszystkie publikowane decyzje s\u0105 prawomocne i ostateczne &nbsp; 87 D.KO.UH.8361.21.2023 tekst dost\u0119pny cyfrowo dla os\u00f3b ze szczeg\u00f3lnymi potrzebami 87 D.KO.UH.8361.21.2023 97 D.KO.UH.8361.31.2023 tekst dostepny cyfrowo dla os\u00f3b ze szczeg\u00f3lnymi potrzebami 97 D.KO.UH.8361.31.2023 110 D.KO.UH.8361.35.2023 tekst dost\u0119py cyfrowo dla os\u00f3b ze szczeg\u00f3lnymi potrzebami 110 D.KO.UH.8361.35.2023 113 D.KO.UH.8361.33.2023 tekst dost\u0119pny cyfrowo dla os\u00f3b ze szczeg\u00f3lnymi potrzebami 113 [&hellip;]<\/p>\n","protected":false},"author":7,"featured_media":0,"parent":43,"menu_order":0,"comment_status":"closed","ping_status":"closed","template":"","meta":{"_lmt_disableupdate":"no","_lmt_disable":"no","site-sidebar-layout":"default","site-content-layout":"default","ast-site-content-layout":"default","site-content-style":"default","site-sidebar-style":"default","ast-global-header-display":"","ast-banner-title-visibility":"","ast-main-header-display":"","ast-hfb-above-header-display":"","ast-hfb-below-header-display":"","ast-hfb-mobile-header-display":"","site-post-title":"","ast-breadcrumbs-content":"","ast-featured-img":"","footer-sml-layout":"","theme-transparent-header-meta":"default","adv-header-id-meta":"","stick-header-meta":"","header-above-stick-meta":"","header-main-stick-meta":"","header-below-stick-meta":"","astra-migrate-meta-layouts":"set","ast-page-background-enabled":"default","ast-page-background-meta":{"desktop":{"background-color":"","background-image":"","background-repeat":"repeat","background-position":"center center","background-size":"auto","background-attachment":"scroll","background-type":"","background-media":"","overlay-type":"","overlay-color":"","overlay-opacity":"","overlay-gradient":""},"tablet":{"background-color":"","background-image":"","background-repeat":"repeat","background-position":"center center","background-size":"auto","background-attachment":"scroll","background-type":"","background-media":"","overlay-type":"","overlay-color":"","overlay-opacity":"","overlay-gradient":""},"mobile":{"background-color":"","background-image":"","background-repeat":"repeat","background-position":"center center","background-size":"auto","background-attachment":"scroll","background-type":"","background-media":"","overlay-type":"","overlay-color":"","overlay-opacity":"","overlay-gradient":""}},"ast-content-background-meta":{"desktop":{"background-color":"var(--ast-global-color-5)","background-image":"","background-repeat":"repeat","background-position":"center center","background-size":"auto","background-attachment":"scroll","background-type":"","background-media":"","overlay-type":"","overlay-color":"","overlay-opacity":"","overlay-gradient":""},"tablet":{"background-color":"var(--ast-global-color-5)","background-image":"","background-repeat":"repeat","background-position":"center center","background-size":"auto","background-attachment":"scroll","background-type":"","background-media":"","overlay-type":"","overlay-color":"","overlay-opacity":"","overlay-gradient":""},"mobile":{"background-color":"var(--ast-global-color-5)","background-image":"","background-repeat":"repeat","background-position":"center center","background-size":"auto","background-attachment":"scroll","background-type":"","background-media":"","overlay-type":"","overlay-color":"","overlay-opacity":"","overlay-gradient":""}},"footnotes":""},"class_list":["post-1598","page","type-page","status-publish","hentry"],"_links":{"self":[{"href":"https:\/\/poznan.wiih.gov.pl\/nowy-bip\/wp-json\/wp\/v2\/pages\/1598"}],"collection":[{"href":"https:\/\/poznan.wiih.gov.pl\/nowy-bip\/wp-json\/wp\/v2\/pages"}],"about":[{"href":"https:\/\/poznan.wiih.gov.pl\/nowy-bip\/wp-json\/wp\/v2\/types\/page"}],"author":[{"embeddable":true,"href":"https:\/\/poznan.wiih.gov.pl\/nowy-bip\/wp-json\/wp\/v2\/users\/7"}],"replies":[{"embeddable":true,"href":"https:\/\/poznan.wiih.gov.pl\/nowy-bip\/wp-json\/wp\/v2\/comments?post=1598"}],"version-history":[{"count":15,"href":"https:\/\/poznan.wiih.gov.pl\/nowy-bip\/wp-json\/wp\/v2\/pages\/1598\/revisions"}],"predecessor-version":[{"id":2170,"href":"https:\/\/poznan.wiih.gov.pl\/nowy-bip\/wp-json\/wp\/v2\/pages\/1598\/revisions\/2170"}],"up":[{"embeddable":true,"href":"https:\/\/poznan.wiih.gov.pl\/nowy-bip\/wp-json\/wp\/v2\/pages\/43"}],"wp:attachment":[{"href":"https:\/\/poznan.wiih.gov.pl\/nowy-bip\/wp-json\/wp\/v2\/media?parent=1598"}],"curies":[{"name":"wp","href":"https:\/\/api.w.org\/{rel}","templated":true}]}}