{"id":161,"date":"2019-12-09T21:15:52","date_gmt":"2019-12-09T20:15:52","guid":{"rendered":"http:\/\/serwer1917455.home.pl\/public_html\/nowy-bip\/?page_id=161"},"modified":"2026-01-26T10:07:27","modified_gmt":"2026-01-26T09:07:27","slug":"klauzula-informacyjna-2","status":"publish","type":"page","link":"https:\/\/poznan.wiih.gov.pl\/nowy-bip\/klauzula-informacyjna-2\/","title":{"rendered":"Klauzula informacyjna"},"content":{"rendered":"\n<p class=\"has-text-align-center\"><strong>KLAUZULA INFORMACYJNA<\/strong><\/p>\n\n\n\n<p class=\"has-text-align-center\">dotycz\u0105ca przetwarzania danych osobowych&nbsp;<\/p>\n\n\n\n<p class=\"has-text-align-center\">w Wojew\u00f3dzkim Inspektoracie Inspekcji Handlowej w Poznaniu<\/p>\n\n\n\n<p><strong>KLAUZULA INFORMACYJNA<\/strong><\/p>\n\n\n\n<p>Zgodnie z art. 13 ust. 1 i 2 rozporz\u0105dzenia Parlamentu Europejskiego i Rady <em>(UE)<\/em> 2016\/679 z dnia 27 kwietnia 2016 roku <em>w sprawie ochrony os\u00f3b fizycznych w zwi\u0105zku z przetwarzaniem danych osobowych i\u00a0 w\u00a0\u00a0 sprawie swobodnego przep\u0142ywu takich danych oraz uchylenia dyrektywy 95\/46\/WE <\/em>(Dz. Urz. UE L 119\/1 z\u00a0dnia 4 maja 2016 r. ze zm.), zwanego \u201eRODO\u201d oraz ustawy z\u00a0dnia 10 maja 2018 roku <em>o ochronie danych osobowych<\/em>(t.j. Dz. U. z 2019 r. poz. 1781)informujemy, \u017ce:<\/p>\n\n\n\n<figure class=\"wp-block-table\"><table class=\"has-fixed-layout\"><tbody><tr><td><strong>Administrator danych osobowych<\/strong><\/td><td>Administratorem Pa\u0144stwa danych osobowych jest Wielkopolski Wojew\u00f3dzki Inspektor Inspekcji Handlowej z siedzib\u0105 przy Al. Marcinkowskiego 3, 61-745 Pozna\u0144. Dane do korespondencji: Wojew\u00f3dzki Inspektorat Inspekcji Handlowej w Poznaniu skr. poczt. Nr 254, 60-967 Pozna\u0144 9 lub adres e-mail : <em>sekretariat@poznan.wiih.gov.pl<\/em><\/td><\/tr><tr><td><strong>Delegatury Wojew\u00f3dzkiego Inspektoratu Inspekcji Handlowej w Poznaniu<\/strong><\/td><td>W sk\u0142ad Wojew\u00f3dzkiego Inspektoratu Inspekcji Handlowej w Poznaniu wchodz\u0105 r\u00f3wnie\u017c cztery delegatury znajduj\u0105ce si\u0119 w: <br>&#8211; Kaliszu, ul. Kolegialna 4, 62&#8211; 800 Kalisz \u2013 adres e-mail: <a href=\"mailto:d.kalisz@poznan.wiih.gov.pl\"><em>d.kalisz@poznan.wiih.gov.pl<\/em><\/a><em>;<\/em> <br>&#8211; Koninie, Aleje 1 Maja 7, 62-510 Konin \u2013 adres e-mail: <a href=\"mailto:d.konin@poznan.wiih.gov.pl\"><em>d.konin@poznan.wiih.gov.pl<\/em><\/a>;\u00a0 <br>&#8211; Lesznie, plac Jana Metziga 1, 64-100 Leszno \u2013 adres e-mail: <a href=\"mailto:d.leszno@poznan.wiih.gov.pl\"><em>d.leszno@poznan.wiih.gov.pl<\/em><\/a>;\u00a0 <br>&#8211; Pile, ul. Dzieci Polskich 26, 64-920 Pi\u0142a \u2013 adres e-mail: <a href=\"mailto:d.pila@poznan.wiih.gov.pl\"><em>d.pila@poznan.wiih.gov.pl<\/em><\/a>.<\/td><\/tr><tr><td><strong>Dane kontaktowe inspektora ochrony danych<\/strong><\/td><td>Inspektorem ochrony danych jest Pan Tomasz Surdyk. Kontakt: Wojew\u00f3dzki Inspektorat Inspekcji Handlowej w Poznaniu, skr. poczt. Nr 254, 60-967 Pozna\u0144 9 lub adresem e-mail: &nbsp;<a href=\"mailto:iod@poznan.wiih.gov.pl\"><em>iod@poznan.wiih.gov.pl<\/em><\/a>, tel.: 503 494 145.<\/td><\/tr><tr><td><strong>Cele oraz podstawa prawna przetwarzania danych osobowych<\/strong><\/td><td>Dane osobowe przetwarzane s\u0105 przez Administratora w celu realizacji zada\u0144 ustawowych na\u0142o\u017conych na Wojew\u00f3dzki Inspektorat Inspekcji Handlowej, zgodnie z art. 6 ust. 1 lit. c) RODO, w wykonaniu zada\u0144 realizowanych w interesie publicznym lub w ramach sprawowania w\u0142adzy publicznej powierzonej Administratorowi, zgodnie z art. 6 ust. 1 lit. e) RODO. Podanie danych osobowych jest niezb\u0119dne do wype\u0142nienia obowi\u0105zk\u00f3w prawnych ci\u0105\u017c\u0105cych na Administratorze wynikaj\u0105cych z przepis\u00f3w w\u0142a\u015bciwych dla prowadzonych przez WIIH<br>w Poznaniu post\u0119powa\u0144 kontrolnych, administracyjnych, karnych, w sprawach o wykroczenia, egzekucyjnych, a tak\u017ce zwi\u0105zanych z zatrudnianiem pracownik\u00f3w WIIH w Poznaniu lub dobrowolne, z tym \u017ce ich niepodanie mo\u017ce skutkowa\u0107 brakiem za\u0142atwienia sprawy w tutejszym Inspektoracie.<\/td><\/tr><tr><td><strong>Podstawa prawna dzia\u0142alno\u015bci WIIH<\/strong><\/td><td>Podstaw\u0105 prawn\u0105 dzia\u0142alno\u015bci Wojew\u00f3dzkiego Inspektoratu Inspekcji Handlowej w Poznaniu jest ustawa z dnia 15 grudnia 2000 roku <em>o Inspekcji Handlowej<\/em> (t.j. Dz. U. z 2025 r., poz. 229).<\/td><\/tr><tr><td><strong>Informacja o odbiorcach danych osobowych<\/strong><\/td><td>Pa\u0144stwa dane osobowe b\u0119d\u0105 udost\u0119pniane pracownikom Administratora w celu realizacji zada\u0144 wynikaj\u0105cych z ustawy <em>o Inspekcji Handlowej<\/em> i przepis\u00f3w szczeg\u00f3lnych oraz innym podmiotom, w tym organom pa\u0144stwa zgodnie z ich w\u0142a\u015bciwo\u015bci\u0105, a tak\u017ce instytucjom uprawnionym do kontroli dzia\u0142alno\u015bci Administratora lub podmiotom uprawnionym do uzyskania danych osobowych na podstawie odr\u0119bnych przepis\u00f3w prawa. Odbiorcami Pa\u0144stwa danych osobowych b\u0119d\u0105 tak\u017ce m.in. podmioty, z kt\u00f3rymi Wojew\u00f3dzki Inspektorat Inspekcji Handlowej w Poznaniu w my\u015bl art. 28 RODO zawar\u0142 stosowne umowy powierzenia przetwarzania danych osobowych, dostawcy us\u0142ug zaopatruj\u0105cych Administratora<br>w rozwi\u0105zania techniczne oraz informatyczne, podmioty \u015bwiadcz\u0105cy us\u0142ugi prawne i doradcze oraz podmioty udzielaj\u0105ce pomoc Administratorowi w dochodzeniu nale\u017cnych roszcze\u0144..<\/td><\/tr><tr><td><strong>Prawa osoby, kt\u00f3rej dane dotycz\u0105<\/strong><\/td><td>Posiadaj\u0105 Pa\u0144stwo prawo do: dost\u0119pu, sprostowania swoich danych osobowych, \u017c\u0105dania od administratora ograniczenia przetwarzania danych osobowych z zastrze\u017ceniem przypadk\u00f3w, o kt\u00f3rych mowa w art. 18 ust. 2 RODO.<\/td><\/tr><tr><td><strong>Ograniczenia wynikaj\u0105ce<br>z art. 17 i art. 20 RODO<\/strong><\/td><td>Nie posiadaj\u0105 Pa\u0144stwo prawa do: usuni\u0119cia danych osobowych w zwi\u0105zku z art. 17 ust. 3 lit. b, d lub e RODO; przenoszenia danych osobowych, o kt\u00f3rej mowa w art. 20 RODO oraz sprzeciwu.<\/td><\/tr><tr><td><strong>Zautomatyzowanie, podejmowanie decyzji,<br>w tym profilowanie, przekazywanie danych<br>poza EOG<\/strong><\/td><td>Dane osobowe nie podlegaj\u0105 profilowaniu ani nie b\u0119d\u0105 przekazywane do pa\u0144stw znajduj\u0105cych si\u0119 poza Europejskim Obszarem Gospodarczym (EOG). W odniesieniu do Pa\u0144stwa danych osobowych decyzje nie b\u0119d\u0105 podejmowane w spos\u00f3b zautomatyzowany, stosownie do art. 22 RODO.<\/td><\/tr><tr><td><strong>Okres przechowywania danych osobowych<br>oraz ich archiwizacja<\/strong><\/td><td>Pa\u0144stwa dane osobowe b\u0119d\u0105 przechowywane przez okres zgodny z&nbsp; obowi\u0105zuj\u0105cymi przepisami archiwalnymi, tj. ustaw\u0105 z dnia 14 lipca 1983 roku <em>o&nbsp; narodowym zasobie archiwalnym i archiwach <\/em>(t.j. Dz. U. z 2020 r., poz. 164 ze zm.) i rozporz\u0105dzenia Prezesa Rady Ministr\u00f3w z dnia 18 stycznia 2011 roku <em>w sprawie instrukcji kancelaryjnej, jednolitych rzeczowych wykaz\u00f3w akt oraz instrukcji w&nbsp; sprawie organizacji i zakresu dzia\u0142ania archiw\u00f3w zak\u0142adowych <\/em>(Dz. U. z 2011 roku, Nr 14, poz. 67 ze zm.).<\/td><\/tr><tr><td><strong>Prawo do wniesienia skargi<\/strong><\/td><td>Je\u017celi uwa\u017caj\u0105 Pa\u0144stwo, \u017ce podane dane osobowe s\u0105 przetwarzane niezgodnie z&nbsp; prawem, mo\u017cecie Pa\u0144stwo wnie\u015b\u0107 skarg\u0119 do organu nadzorczego (Prezes Urz\u0119du Ochrony Danych Osobowych &#8211; <a href=\"https:\/\/uodo.gov.pl\/p\/kontakt\"><em>https:\/\/uodo.gov.pl\/p\/kontakt<\/em><\/a><em>).<\/em><\/td><\/tr><\/tbody><\/table><\/figure>\n\n\n\n<p><\/p>\n","protected":false},"excerpt":{"rendered":"<p>KLAUZULA INFORMACYJNA dotycz\u0105ca przetwarzania danych osobowych&nbsp; w Wojew\u00f3dzkim Inspektoracie Inspekcji Handlowej w Poznaniu KLAUZULA INFORMACYJNA Zgodnie z art. 13 ust. 1 i 2 rozporz\u0105dzenia Parlamentu Europejskiego i Rady (UE) 2016\/679 z dnia 27 kwietnia 2016 roku w sprawie ochrony os\u00f3b fizycznych w zwi\u0105zku z przetwarzaniem danych osobowych i\u00a0 w\u00a0\u00a0 sprawie swobodnego przep\u0142ywu takich danych oraz [&hellip;]<\/p>\n","protected":false},"author":1,"featured_media":0,"parent":0,"menu_order":0,"comment_status":"closed","ping_status":"closed","template":"","meta":{"_lmt_disableupdate":"no","_lmt_disable":"no","site-sidebar-layout":"default","site-content-layout":"default","ast-site-content-layout":"default","site-content-style":"default","site-sidebar-style":"default","ast-global-header-display":"","ast-banner-title-visibility":"","ast-main-header-display":"","ast-hfb-above-header-display":"","ast-hfb-below-header-display":"","ast-hfb-mobile-header-display":"","site-post-title":"","ast-breadcrumbs-content":"","ast-featured-img":"","footer-sml-layout":"","theme-transparent-header-meta":"default","adv-header-id-meta":"","stick-header-meta":"","header-above-stick-meta":"","header-main-stick-meta":"","header-below-stick-meta":"","astra-migrate-meta-layouts":"set","ast-page-background-enabled":"default","ast-page-background-meta":{"desktop":{"background-color":"","background-image":"","background-repeat":"repeat","background-position":"center center","background-size":"auto","background-attachment":"scroll","background-type":"","background-media":"","overlay-type":"","overlay-color":"","overlay-opacity":"","overlay-gradient":""},"tablet":{"background-color":"","background-image":"","background-repeat":"repeat","background-position":"center center","background-size":"auto","background-attachment":"scroll","background-type":"","background-media":"","overlay-type":"","overlay-color":"","overlay-opacity":"","overlay-gradient":""},"mobile":{"background-color":"","background-image":"","background-repeat":"repeat","background-position":"center center","background-size":"auto","background-attachment":"scroll","background-type":"","background-media":"","overlay-type":"","overlay-color":"","overlay-opacity":"","overlay-gradient":""}},"ast-content-background-meta":{"desktop":{"background-color":"var(--ast-global-color-5)","background-image":"","background-repeat":"repeat","background-position":"center center","background-size":"auto","background-attachment":"scroll","background-type":"","background-media":"","overlay-type":"","overlay-color":"","overlay-opacity":"","overlay-gradient":""},"tablet":{"background-color":"var(--ast-global-color-5)","background-image":"","background-repeat":"repeat","background-position":"center center","background-size":"auto","background-attachment":"scroll","background-type":"","background-media":"","overlay-type":"","overlay-color":"","overlay-opacity":"","overlay-gradient":""},"mobile":{"background-color":"var(--ast-global-color-5)","background-image":"","background-repeat":"repeat","background-position":"center center","background-size":"auto","background-attachment":"scroll","background-type":"","background-media":"","overlay-type":"","overlay-color":"","overlay-opacity":"","overlay-gradient":""}},"footnotes":""},"class_list":["post-161","page","type-page","status-publish","hentry"],"_links":{"self":[{"href":"https:\/\/poznan.wiih.gov.pl\/nowy-bip\/wp-json\/wp\/v2\/pages\/161"}],"collection":[{"href":"https:\/\/poznan.wiih.gov.pl\/nowy-bip\/wp-json\/wp\/v2\/pages"}],"about":[{"href":"https:\/\/poznan.wiih.gov.pl\/nowy-bip\/wp-json\/wp\/v2\/types\/page"}],"author":[{"embeddable":true,"href":"https:\/\/poznan.wiih.gov.pl\/nowy-bip\/wp-json\/wp\/v2\/users\/1"}],"replies":[{"embeddable":true,"href":"https:\/\/poznan.wiih.gov.pl\/nowy-bip\/wp-json\/wp\/v2\/comments?post=161"}],"version-history":[{"count":8,"href":"https:\/\/poznan.wiih.gov.pl\/nowy-bip\/wp-json\/wp\/v2\/pages\/161\/revisions"}],"predecessor-version":[{"id":3698,"href":"https:\/\/poznan.wiih.gov.pl\/nowy-bip\/wp-json\/wp\/v2\/pages\/161\/revisions\/3698"}],"wp:attachment":[{"href":"https:\/\/poznan.wiih.gov.pl\/nowy-bip\/wp-json\/wp\/v2\/media?parent=161"}],"curies":[{"name":"wp","href":"https:\/\/api.w.org\/{rel}","templated":true}]}}