{"id":19,"date":"2019-12-09T09:56:27","date_gmt":"2019-12-09T08:56:27","guid":{"rendered":"http:\/\/serwer1917455.home.pl\/public_html\/nowy-bip\/?page_id=19"},"modified":"2026-01-08T13:51:53","modified_gmt":"2026-01-08T12:51:53","slug":"status-prawny","status":"publish","type":"page","link":"https:\/\/poznan.wiih.gov.pl\/nowy-bip\/status-prawny\/","title":{"rendered":"Status Prawny"},"content":{"rendered":"<p>\n\n\n<\/p>\r\n<p>Wojew\u00f3dzki Inspektorat Inspekcji Handlowej w Poznaniu, jest jednostk\u0105 organizacyjn\u0105 stanowi\u0105c\u0105 aparat pomocniczy Wielkopolskiego Wojew\u00f3dzkiego Inspektora Inspekcji Handlowej.<\/p>\r\n<p>\n\n\n<p>Wojew\u00f3dzki Inspektorat Inspekcji Handlowej w Poznaniu jest jednostk\u0105 bud\u017cetow\u0105 wchodz\u0105c\u0105 w sk\u0142ad zespolonej administracji rz\u0105dowej w wojew\u00f3dztwie wielkopolskim.<\/p>\n<p><a href=\"https:\/\/poznan.wiih.gov.pl\/nowy-bip\/wp-content\/uploads\/2020\/01\/Statut-WIIH-Poznan-2017.pdf\" target=\"_blank\" rel=\"noopener noreferrer\">Statut Wojew\u00f3dzkiego Inspektoratu Inspekcji Handlowej w Poznaniu<\/a><\/p>\n<p><a href=\"https:\/\/poznan.wiih.gov.pl\/wp-content\/uploads\/2026\/01\/Regulamin-organizacyjny.pdf\">Regulamin organizacyjny WIIH<\/a><\/p>\n<p>\u00a0<\/p>\n<p>\u00a0<\/p>\n\n","protected":false},"excerpt":{"rendered":"<p>Wojew\u00f3dzki Inspektorat Inspekcji Handlowej w Poznaniu, jest jednostk\u0105 organizacyjn\u0105 stanowi\u0105c\u0105 aparat pomocniczy Wielkopolskiego Wojew\u00f3dzkiego Inspektora Inspekcji Handlowej. Wojew\u00f3dzki Inspektorat Inspekcji Handlowej w Poznaniu jest jednostk\u0105 bud\u017cetow\u0105 wchodz\u0105c\u0105 w sk\u0142ad zespolonej administracji rz\u0105dowej w wojew\u00f3dztwie wielkopolskim. Statut Wojew\u00f3dzkiego Inspektoratu Inspekcji Handlowej w Poznaniu Regulamin organizacyjny WIIH \u00a0 \u00a0<\/p>\n","protected":false},"author":1,"featured_media":0,"parent":0,"menu_order":0,"comment_status":"closed","ping_status":"closed","template":"","meta":{"_lmt_disableupdate":"no","_lmt_disable":"","site-sidebar-layout":"default","site-content-layout":"default","ast-site-content-layout":"default","site-content-style":"default","site-sidebar-style":"default","ast-global-header-display":"","ast-banner-title-visibility":"","ast-main-header-display":"","ast-hfb-above-header-display":"","ast-hfb-below-header-display":"","ast-hfb-mobile-header-display":"","site-post-title":"","ast-breadcrumbs-content":"","ast-featured-img":"","footer-sml-layout":"","theme-transparent-header-meta":"default","adv-header-id-meta":"","stick-header-meta":"","header-above-stick-meta":"","header-main-stick-meta":"","header-below-stick-meta":"","astra-migrate-meta-layouts":"set","ast-page-background-enabled":"default","ast-page-background-meta":{"desktop":{"background-color":"","background-image":"","background-repeat":"repeat","background-position":"center center","background-size":"auto","background-attachment":"scroll","background-type":"","background-media":"","overlay-type":"","overlay-color":"","overlay-opacity":"","overlay-gradient":""},"tablet":{"background-color":"","background-image":"","background-repeat":"repeat","background-position":"center center","background-size":"auto","background-attachment":"scroll","background-type":"","background-media":"","overlay-type":"","overlay-color":"","overlay-opacity":"","overlay-gradient":""},"mobile":{"background-color":"","background-image":"","background-repeat":"repeat","background-position":"center center","background-size":"auto","background-attachment":"scroll","background-type":"","background-media":"","overlay-type":"","overlay-color":"","overlay-opacity":"","overlay-gradient":""}},"ast-content-background-meta":{"desktop":{"background-color":"var(--ast-global-color-5)","background-image":"","background-repeat":"repeat","background-position":"center center","background-size":"auto","background-attachment":"scroll","background-type":"","background-media":"","overlay-type":"","overlay-color":"","overlay-opacity":"","overlay-gradient":""},"tablet":{"background-color":"var(--ast-global-color-5)","background-image":"","background-repeat":"repeat","background-position":"center center","background-size":"auto","background-attachment":"scroll","background-type":"","background-media":"","overlay-type":"","overlay-color":"","overlay-opacity":"","overlay-gradient":""},"mobile":{"background-color":"var(--ast-global-color-5)","background-image":"","background-repeat":"repeat","background-position":"center center","background-size":"auto","background-attachment":"scroll","background-type":"","background-media":"","overlay-type":"","overlay-color":"","overlay-opacity":"","overlay-gradient":""}},"footnotes":""},"class_list":["post-19","page","type-page","status-publish","hentry"],"_links":{"self":[{"href":"https:\/\/poznan.wiih.gov.pl\/nowy-bip\/wp-json\/wp\/v2\/pages\/19"}],"collection":[{"href":"https:\/\/poznan.wiih.gov.pl\/nowy-bip\/wp-json\/wp\/v2\/pages"}],"about":[{"href":"https:\/\/poznan.wiih.gov.pl\/nowy-bip\/wp-json\/wp\/v2\/types\/page"}],"author":[{"embeddable":true,"href":"https:\/\/poznan.wiih.gov.pl\/nowy-bip\/wp-json\/wp\/v2\/users\/1"}],"replies":[{"embeddable":true,"href":"https:\/\/poznan.wiih.gov.pl\/nowy-bip\/wp-json\/wp\/v2\/comments?post=19"}],"version-history":[{"count":11,"href":"https:\/\/poznan.wiih.gov.pl\/nowy-bip\/wp-json\/wp\/v2\/pages\/19\/revisions"}],"predecessor-version":[{"id":3460,"href":"https:\/\/poznan.wiih.gov.pl\/nowy-bip\/wp-json\/wp\/v2\/pages\/19\/revisions\/3460"}],"wp:attachment":[{"href":"https:\/\/poznan.wiih.gov.pl\/nowy-bip\/wp-json\/wp\/v2\/media?parent=19"}],"curies":[{"name":"wp","href":"https:\/\/api.w.org\/{rel}","templated":true}]}}