{"id":21,"date":"2019-12-09T09:57:18","date_gmt":"2019-12-09T08:57:18","guid":{"rendered":"http:\/\/serwer1917455.home.pl\/public_html\/nowy-bip\/?page_id=21"},"modified":"2024-03-06T11:25:46","modified_gmt":"2024-03-06T10:25:46","slug":"przedmiot-dzialania","status":"publish","type":"page","link":"https:\/\/poznan.wiih.gov.pl\/nowy-bip\/przedmiot-dzialania\/","title":{"rendered":"Przedmiot dzia\u0142ania"},"content":{"rendered":"<p>Inspekcja Handlowa jest wyspecjalizowanym organem kontroli powo\u0142anym do ochrony interes\u00f3w<\/p>\n<p>i praw konsument\u00f3w oraz interes\u00f3w gospodarczych pa\u0144stwa.<\/p>\n<p>Zadania realizuje poprzez:<\/p>\n<p>\u2022 kontrole okre\u015blone w Ustawie z dnia 15 grudnia 2000 r. o Inspekcji Handlowej (<span style=\"font-size: 16px; font-style: normal; font-weight: 400;\">Dz. U. z 2024 r., poz. 312 t.j.<\/span><span style=\"font-size: 16px;\">),<\/span><\/p>\n<p>\u2022 prowadzenie post\u0119powania w sprawie pozas\u0105dowego rozwi\u0105zywania spor\u00f3w konsumenckich,<\/p>\n<p>\u2022 organizowanie i prowadzenie sta\u0142ych s\u0105d\u00f3w polubownych,<\/p>\n<p>\u2022 prowadzenie poradnictwa konsumenckiego,<\/p>\n<p>\u2022 wykonywanie innych zada\u0144 okre\u015blonych w ustawie lub przepisach odr\u0119bnych.<\/p>\n<h3 class=\"heading8\" style=\"text-align: center;\">SCHEMAT KONTROLI INSPEKCJI HANDLOWEJ<\/h3>\n<p style=\"text-align: center;\"><img fetchpriority=\"high\" decoding=\"async\" class=\"alignnone wp-image-329\" src=\"https:\/\/poznan.wiih.gov.pl\/nowy-bip\/wp-content\/uploads\/2020\/02\/schemat-265x300.png\" alt=\"\" width=\"600\" height=\"679\" srcset=\"https:\/\/poznan.wiih.gov.pl\/nowy-bip\/wp-content\/uploads\/2020\/02\/schemat-265x300.png 265w, https:\/\/poznan.wiih.gov.pl\/nowy-bip\/wp-content\/uploads\/2020\/02\/schemat.png 735w\" sizes=\"(max-width: 600px) 100vw, 600px\" \/><\/p>\n<p>Wytwarzaj\u0105cy: Wioletta Cie\u015blak<\/p>\n","protected":false},"excerpt":{"rendered":"<p>Inspekcja Handlowa jest wyspecjalizowanym organem kontroli powo\u0142anym do ochrony interes\u00f3w i praw konsument\u00f3w oraz interes\u00f3w gospodarczych pa\u0144stwa. Zadania realizuje poprzez: \u2022 kontrole okre\u015blone w Ustawie z dnia 15 grudnia 2000 r. o Inspekcji Handlowej (Dz. U. z 2024 r., poz. 312 t.j.), \u2022 prowadzenie post\u0119powania w sprawie pozas\u0105dowego rozwi\u0105zywania spor\u00f3w konsumenckich, \u2022 organizowanie i prowadzenie [&hellip;]<\/p>\n","protected":false},"author":1,"featured_media":0,"parent":0,"menu_order":0,"comment_status":"closed","ping_status":"closed","template":"","meta":{"_lmt_disableupdate":"no","_lmt_disable":"no","site-sidebar-layout":"default","site-content-layout":"default","ast-site-content-layout":"","site-content-style":"default","site-sidebar-style":"default","ast-global-header-display":"","ast-banner-title-visibility":"","ast-main-header-display":"","ast-hfb-above-header-display":"","ast-hfb-below-header-display":"","ast-hfb-mobile-header-display":"","site-post-title":"","ast-breadcrumbs-content":"","ast-featured-img":"","footer-sml-layout":"","theme-transparent-header-meta":"default","adv-header-id-meta":"","stick-header-meta":"","header-above-stick-meta":"","header-main-stick-meta":"","header-below-stick-meta":"","astra-migrate-meta-layouts":"default","ast-page-background-enabled":"default","ast-page-background-meta":{"desktop":{"background-color":"","background-image":"","background-repeat":"repeat","background-position":"center center","background-size":"auto","background-attachment":"scroll","background-type":"","background-media":"","overlay-type":"","overlay-color":"","overlay-opacity":"","overlay-gradient":""},"tablet":{"background-color":"","background-image":"","background-repeat":"repeat","background-position":"center center","background-size":"auto","background-attachment":"scroll","background-type":"","background-media":"","overlay-type":"","overlay-color":"","overlay-opacity":"","overlay-gradient":""},"mobile":{"background-color":"","background-image":"","background-repeat":"repeat","background-position":"center center","background-size":"auto","background-attachment":"scroll","background-type":"","background-media":"","overlay-type":"","overlay-color":"","overlay-opacity":"","overlay-gradient":""}},"ast-content-background-meta":{"desktop":{"background-color":"var(--ast-global-color-5)","background-image":"","background-repeat":"repeat","background-position":"center center","background-size":"auto","background-attachment":"scroll","background-type":"","background-media":"","overlay-type":"","overlay-color":"","overlay-opacity":"","overlay-gradient":""},"tablet":{"background-color":"var(--ast-global-color-5)","background-image":"","background-repeat":"repeat","background-position":"center center","background-size":"auto","background-attachment":"scroll","background-type":"","background-media":"","overlay-type":"","overlay-color":"","overlay-opacity":"","overlay-gradient":""},"mobile":{"background-color":"var(--ast-global-color-5)","background-image":"","background-repeat":"repeat","background-position":"center center","background-size":"auto","background-attachment":"scroll","background-type":"","background-media":"","overlay-type":"","overlay-color":"","overlay-opacity":"","overlay-gradient":""}},"footnotes":""},"class_list":["post-21","page","type-page","status-publish","hentry"],"_links":{"self":[{"href":"https:\/\/poznan.wiih.gov.pl\/nowy-bip\/wp-json\/wp\/v2\/pages\/21"}],"collection":[{"href":"https:\/\/poznan.wiih.gov.pl\/nowy-bip\/wp-json\/wp\/v2\/pages"}],"about":[{"href":"https:\/\/poznan.wiih.gov.pl\/nowy-bip\/wp-json\/wp\/v2\/types\/page"}],"author":[{"embeddable":true,"href":"https:\/\/poznan.wiih.gov.pl\/nowy-bip\/wp-json\/wp\/v2\/users\/1"}],"replies":[{"embeddable":true,"href":"https:\/\/poznan.wiih.gov.pl\/nowy-bip\/wp-json\/wp\/v2\/comments?post=21"}],"version-history":[{"count":8,"href":"https:\/\/poznan.wiih.gov.pl\/nowy-bip\/wp-json\/wp\/v2\/pages\/21\/revisions"}],"predecessor-version":[{"id":1667,"href":"https:\/\/poznan.wiih.gov.pl\/nowy-bip\/wp-json\/wp\/v2\/pages\/21\/revisions\/1667"}],"wp:attachment":[{"href":"https:\/\/poznan.wiih.gov.pl\/nowy-bip\/wp-json\/wp\/v2\/media?parent=21"}],"curies":[{"name":"wp","href":"https:\/\/api.w.org\/{rel}","templated":true}]}}