{"id":232,"date":"2020-02-03T19:18:58","date_gmt":"2020-02-03T18:18:58","guid":{"rendered":"http:\/\/serwer1917455.home.pl\/public_html\/nowy-bip\/?page_id=232"},"modified":"2022-03-09T14:01:38","modified_gmt":"2022-03-09T13:01:38","slug":"rozstrzygniete","status":"publish","type":"page","link":"https:\/\/poznan.wiih.gov.pl\/nowy-bip\/przetargi\/rozstrzygniete\/","title":{"rendered":"Rozstrzygni\u0119te"},"content":{"rendered":"\t\t<div data-elementor-type=\"wp-page\" data-elementor-id=\"232\" class=\"elementor elementor-232\" data-elementor-post-type=\"page\">\n\t\t\t\t\t\t<section class=\"elementor-section elementor-top-section elementor-element elementor-element-7f189b5 elementor-section-boxed elementor-section-height-default elementor-section-height-default\" data-id=\"7f189b5\" data-element_type=\"section\">\n\t\t\t\t\t\t<div class=\"elementor-container elementor-column-gap-default\">\n\t\t\t\t\t<div class=\"elementor-column elementor-col-100 elementor-top-column elementor-element elementor-element-d7e0b21\" data-id=\"d7e0b21\" data-element_type=\"column\">\n\t\t\t<div class=\"elementor-widget-wrap elementor-element-populated\">\n\t\t\t\t\t\t<div class=\"elementor-element elementor-element-33bb613 elementor-grid-eael-col-1 elementor-grid-tablet-eael-col-2 elementor-grid-mobile-eael-col-1 elementor-widget elementor-widget-eael-post-grid\" data-id=\"33bb613\" data-element_type=\"widget\" data-settings=\"{&quot;eael_post_grid_columns&quot;:&quot;eael-col-1&quot;,&quot;eael_post_grid_columns_tablet&quot;:&quot;eael-col-2&quot;,&quot;eael_post_grid_columns_mobile&quot;:&quot;eael-col-1&quot;}\" data-widget_type=\"eael-post-grid.default\">\n\t\t\t\t<div class=\"elementor-widget-container\">\n\t\t\t<div id=\"eael-post-grid-33bb613\" class=\"eael-post-grid-container\">\n            <div class=\"eael-post-grid eael-post-appender eael-post-appender-33bb613 eael-post-grid-style-one\" data-layout-mode=\"masonry\"><article class=\"eael-grid-post eael-post-grid-column\" data-id=\"2346\">\n        <div class=\"eael-grid-post-holder\">\n            <div class=\"eael-grid-post-holder-inner\"><div class=\"eael-entry-wrapper\"><header class=\"eael-entry-header\"><h2 class=\"eael-entry-title\"><a\n                        class=\"eael-grid-post-link\"\n                        href=\"https:\/\/poznan.wiih.gov.pl\/nowy-bip\/podsumowanie-rozeznania-ofertowego-z-dnia-21-11-2024-na-zapewnienie-uslugi-sprzatania-dla-wojewodzkiego-inspektoratu-inspekcji-handlowej-w-poznaniu\/\"\n                        title=\"Podsumowanie rozeznania ofertowego  z dnia 21.11.2024  na  zapewnienie us\u0142ugi sprz\u0105tania dla Wojew\u00f3dzkiego Inspektoratu Inspekcji Handlowej w Poznaniu\">Podsumowanie rozeznania ofertowego  z dnia 21.11.2024  na  zapewnienie us\u0142ugi sprz\u0105tania dla Wojew\u00f3dzkiego Inspektoratu Inspekcji Handlowej w Poznaniu<\/a><\/h2><\/header><div class=\"eael-entry-content\">\n                        <div class=\"eael-grid-post-excerpt\"><p>Podsumowanie rozeznania ofertowego &nbsp;<\/p><a\n                            href=\"https:\/\/poznan.wiih.gov.pl\/nowy-bip\/podsumowanie-rozeznania-ofertowego-z-dnia-21-11-2024-na-zapewnienie-uslugi-sprzatania-dla-wojewodzkiego-inspektoratu-inspekcji-handlowej-w-poznaniu\/\"\n                            class=\"eael-post-elements-readmore-btn\">Czytaj wi\u0119cej<\/a><\/div>\n                    <\/div><\/div><\/div>\n        <\/div>\n    <\/article><article class=\"eael-grid-post eael-post-grid-column\" data-id=\"1843\">\n        <div class=\"eael-grid-post-holder\">\n            <div class=\"eael-grid-post-holder-inner\"><div class=\"eael-entry-wrapper\"><header class=\"eael-entry-header\"><h2 class=\"eael-entry-title\"><a\n                        class=\"eael-grid-post-link\"\n                        href=\"https:\/\/poznan.wiih.gov.pl\/nowy-bip\/ogloszenie-o-zamowieniu-roboty-budowlane-prace-remontowe-majace-na-celu-odnowienie-pomieszczen-biurowych-na-i-i-ii-pietrze-w-budynku-wiih-w-poznaniu-polozonym-przy-al-marcinkowskiego-3\/\"\n                        title=\"Og\u0142oszenie o wyniku post\u0119powania &#8211; roboty budowlane, prace remontowe maj\u0105ce na celu odnowienie pomieszcze\u0144 biurowych na I i II pi\u0119trze w budynku WIIH w Poznaniu, po\u0142o\u017conym przy Al. Marcinkowskiego 3.\">Og\u0142oszenie o wyniku post\u0119powania &#8211; roboty budowlane, prace remontowe maj\u0105ce na celu odnowienie pomieszcze\u0144 biurowych na I i II pi\u0119trze w budynku WIIH w Poznaniu, po\u0142o\u017conym przy Al. Marcinkowskiego 3.<\/a><\/h2><\/header><div class=\"eael-entry-content\">\n                        <div class=\"eael-grid-post-excerpt\"><p>Rozstrzygni\u0119cie 08dc764f-436b-22e1-d111-b90001fa15eb (2)<\/p><a\n                            href=\"https:\/\/poznan.wiih.gov.pl\/nowy-bip\/ogloszenie-o-zamowieniu-roboty-budowlane-prace-remontowe-majace-na-celu-odnowienie-pomieszczen-biurowych-na-i-i-ii-pietrze-w-budynku-wiih-w-poznaniu-polozonym-przy-al-marcinkowskiego-3\/\"\n                            class=\"eael-post-elements-readmore-btn\">Czytaj wi\u0119cej<\/a><\/div>\n                    <\/div><\/div><\/div>\n        <\/div>\n    <\/article><article class=\"eael-grid-post eael-post-grid-column\" data-id=\"1738\">\n        <div class=\"eael-grid-post-holder\">\n            <div class=\"eael-grid-post-holder-inner\"><div class=\"eael-entry-wrapper\"><header class=\"eael-entry-header\"><h2 class=\"eael-entry-title\"><a\n                        class=\"eael-grid-post-link\"\n                        href=\"https:\/\/poznan.wiih.gov.pl\/nowy-bip\/zawiadomienie-o-wyborze-oferty-najkorzystniejszej-w-postepowaniu-o-udzielenie-zamowienia-publicznego-prowadzonym-w-trybie-podstawowy-bez-przeprowadzenia-negocjacji-pn-prace-remontowe-majace\/\"\n                        title=\"Zawiadomienie o wyborze oferty najkorzystniejszej w post\u0119powaniu o udzielenie zam\u00f3wienia publicznego prowadzonym w trybie podstawowy bez przeprowadzenia negocjacji pn. \u201ePrace remontowe maj\u0105ce na celu odnowienie pomieszcze\u0144 biurowych na I, II pi\u0119trze w budynku WIIH w Poznaniu, po\u0142o\u017conym przy Al. Marcinkowskiego 3.\">Zawiadomienie o wyborze oferty najkorzystniejszej w post\u0119powaniu o udzielenie zam\u00f3wienia publicznego prowadzonym w trybie podstawowy bez przeprowadzenia negocjacji pn. \u201ePrace remontowe maj\u0105ce na celu odnowienie pomieszcze\u0144 biurowych na I, II pi\u0119trze w budynku WIIH w Poznaniu, po\u0142o\u017conym przy Al. Marcinkowskiego 3.<\/a><\/h2><\/header><div class=\"eael-entry-content\">\n                        <div class=\"eael-grid-post-excerpt\"><p>BA27212024_zawiadomienie o wyborze oferty ze zm &nbsp;<\/p><a\n                            href=\"https:\/\/poznan.wiih.gov.pl\/nowy-bip\/zawiadomienie-o-wyborze-oferty-najkorzystniejszej-w-postepowaniu-o-udzielenie-zamowienia-publicznego-prowadzonym-w-trybie-podstawowy-bez-przeprowadzenia-negocjacji-pn-prace-remontowe-majace\/\"\n                            class=\"eael-post-elements-readmore-btn\">Czytaj wi\u0119cej<\/a><\/div>\n                    <\/div><\/div><\/div>\n        <\/div>\n    <\/article><article class=\"eael-grid-post eael-post-grid-column\" data-id=\"1228\">\n        <div class=\"eael-grid-post-holder\">\n            <div class=\"eael-grid-post-holder-inner\"><div class=\"eael-entry-wrapper\"><header class=\"eael-entry-header\"><h2 class=\"eael-entry-title\"><a\n                        class=\"eael-grid-post-link\"\n                        href=\"https:\/\/poznan.wiih.gov.pl\/nowy-bip\/ogloszenie-o-zbyciu-zbednego-skladnika-rzeczowego-majatku-ruchomego-skarbu-panstwa-darowizna\/\"\n                        title=\"Og\u0142oszenie o zbyciu zb\u0119dnego sk\u0142adnika rzeczowego maj\u0105tku ruchomego Skarbu Pa\u0144stwa (darowizna)\">Og\u0142oszenie o zbyciu zb\u0119dnego sk\u0142adnika rzeczowego maj\u0105tku ruchomego Skarbu Pa\u0144stwa (darowizna)<\/a><\/h2><\/header><div class=\"eael-entry-content\">\n                        <div class=\"eael-grid-post-excerpt\"><p>Na powy\u017csze og\u0142oszenie (darowizna samochodu Ford Focus) nie wp\u0142yn\u0119\u0142a \u017cadna...<\/p><a\n                            href=\"https:\/\/poznan.wiih.gov.pl\/nowy-bip\/ogloszenie-o-zbyciu-zbednego-skladnika-rzeczowego-majatku-ruchomego-skarbu-panstwa-darowizna\/\"\n                            class=\"eael-post-elements-readmore-btn\">Czytaj wi\u0119cej<\/a><\/div>\n                    <\/div><\/div><\/div>\n        <\/div>\n    <\/article><article class=\"eael-grid-post eael-post-grid-column\" data-id=\"1155\">\n        <div class=\"eael-grid-post-holder\">\n            <div class=\"eael-grid-post-holder-inner\"><div class=\"eael-entry-wrapper\"><header class=\"eael-entry-header\"><h2 class=\"eael-entry-title\"><a\n                        class=\"eael-grid-post-link\"\n                        href=\"https:\/\/poznan.wiih.gov.pl\/nowy-bip\/zamowienie-na-roboty-budowlane-wybor-najkorzystniejszej-oferty-09-02-2022-r\/\"\n                        title=\"Zam\u00f3wienie na roboty budowlane &#8211; wyb\u00f3r najkorzystniejszej oferty &#8211; 09.02.2022 r.\">Zam\u00f3wienie na roboty budowlane &#8211; wyb\u00f3r najkorzystniejszej oferty &#8211; 09.02.2022 r.<\/a><\/h2><\/header><div class=\"eael-entry-content\">\n                        <div class=\"eael-grid-post-excerpt\"><p>Informacja o wyborze oferty najkorzystniejszej 09.03.2022<\/p><a\n                            href=\"https:\/\/poznan.wiih.gov.pl\/nowy-bip\/zamowienie-na-roboty-budowlane-wybor-najkorzystniejszej-oferty-09-02-2022-r\/\"\n                            class=\"eael-post-elements-readmore-btn\">Czytaj wi\u0119cej<\/a><\/div>\n                    <\/div><\/div><\/div>\n        <\/div>\n    <\/article><\/div>\n            <div class=\"clearfix\"><\/div>\n        <\/div>\t\t<\/div>\n\t\t\t\t<\/div>\n\t\t\t\t\t<\/div>\n\t\t<\/div>\n\t\t\t\t\t<\/div>\n\t\t<\/section>\n\t\t\t\t<\/div>\n\t\t","protected":false},"excerpt":{"rendered":"<p>&nbsp;<\/p>\n","protected":false},"author":1,"featured_media":0,"parent":41,"menu_order":0,"comment_status":"closed","ping_status":"closed","template":"","meta":{"_lmt_disableupdate":"no","_lmt_disable":"no","site-sidebar-layout":"no-sidebar","site-content-layout":"page-builder","ast-site-content-layout":"","site-content-style":"default","site-sidebar-style":"default","ast-global-header-display":"","ast-banner-title-visibility":"","ast-main-header-display":"","ast-hfb-above-header-display":"","ast-hfb-below-header-display":"","ast-hfb-mobile-header-display":"","site-post-title":"disabled","ast-breadcrumbs-content":"","ast-featured-img":"disabled","footer-sml-layout":"","theme-transparent-header-meta":"default","adv-header-id-meta":"","stick-header-meta":"","header-above-stick-meta":"","header-main-stick-meta":"","header-below-stick-meta":"","astra-migrate-meta-layouts":"default","ast-page-background-enabled":"default","ast-page-background-meta":{"desktop":{"background-color":"","background-image":"","background-repeat":"repeat","background-position":"center center","background-size":"auto","background-attachment":"scroll","background-type":"","background-media":"","overlay-type":"","overlay-color":"","overlay-opacity":"","overlay-gradient":""},"tablet":{"background-color":"","background-image":"","background-repeat":"repeat","background-position":"center center","background-size":"auto","background-attachment":"scroll","background-type":"","background-media":"","overlay-type":"","overlay-color":"","overlay-opacity":"","overlay-gradient":""},"mobile":{"background-color":"","background-image":"","background-repeat":"repeat","background-position":"center center","background-size":"auto","background-attachment":"scroll","background-type":"","background-media":"","overlay-type":"","overlay-color":"","overlay-opacity":"","overlay-gradient":""}},"ast-content-background-meta":{"desktop":{"background-color":"var(--ast-global-color-5)","background-image":"","background-repeat":"repeat","background-position":"center center","background-size":"auto","background-attachment":"scroll","background-type":"","background-media":"","overlay-type":"","overlay-color":"","overlay-opacity":"","overlay-gradient":""},"tablet":{"background-color":"var(--ast-global-color-5)","background-image":"","background-repeat":"repeat","background-position":"center center","background-size":"auto","background-attachment":"scroll","background-type":"","background-media":"","overlay-type":"","overlay-color":"","overlay-opacity":"","overlay-gradient":""},"mobile":{"background-color":"var(--ast-global-color-5)","background-image":"","background-repeat":"repeat","background-position":"center center","background-size":"auto","background-attachment":"scroll","background-type":"","background-media":"","overlay-type":"","overlay-color":"","overlay-opacity":"","overlay-gradient":""}},"footnotes":""},"class_list":["post-232","page","type-page","status-publish","hentry"],"_links":{"self":[{"href":"https:\/\/poznan.wiih.gov.pl\/nowy-bip\/wp-json\/wp\/v2\/pages\/232"}],"collection":[{"href":"https:\/\/poznan.wiih.gov.pl\/nowy-bip\/wp-json\/wp\/v2\/pages"}],"about":[{"href":"https:\/\/poznan.wiih.gov.pl\/nowy-bip\/wp-json\/wp\/v2\/types\/page"}],"author":[{"embeddable":true,"href":"https:\/\/poznan.wiih.gov.pl\/nowy-bip\/wp-json\/wp\/v2\/users\/1"}],"replies":[{"embeddable":true,"href":"https:\/\/poznan.wiih.gov.pl\/nowy-bip\/wp-json\/wp\/v2\/comments?post=232"}],"version-history":[{"count":3,"href":"https:\/\/poznan.wiih.gov.pl\/nowy-bip\/wp-json\/wp\/v2\/pages\/232\/revisions"}],"predecessor-version":[{"id":1152,"href":"https:\/\/poznan.wiih.gov.pl\/nowy-bip\/wp-json\/wp\/v2\/pages\/232\/revisions\/1152"}],"up":[{"embeddable":true,"href":"https:\/\/poznan.wiih.gov.pl\/nowy-bip\/wp-json\/wp\/v2\/pages\/41"}],"wp:attachment":[{"href":"https:\/\/poznan.wiih.gov.pl\/nowy-bip\/wp-json\/wp\/v2\/media?parent=232"}],"curies":[{"name":"wp","href":"https:\/\/api.w.org\/{rel}","templated":true}]}}