{"id":2495,"date":"2024-12-30T10:09:58","date_gmt":"2024-12-30T09:09:58","guid":{"rendered":"https:\/\/poznan.wiih.gov.pl\/nowy-bip\/?page_id=2495"},"modified":"2024-12-30T19:27:00","modified_gmt":"2024-12-30T18:27:00","slug":"sygnalista","status":"publish","type":"page","link":"https:\/\/poznan.wiih.gov.pl\/nowy-bip\/sygnalista\/","title":{"rendered":"Sygnalista"},"content":{"rendered":"\t\t<div data-elementor-type=\"wp-page\" data-elementor-id=\"2495\" class=\"elementor elementor-2495\" data-elementor-post-type=\"page\">\n\t\t\t\t\t\t<section class=\"elementor-section elementor-top-section elementor-element elementor-element-42ebfb8f elementor-section-boxed elementor-section-height-default elementor-section-height-default\" data-id=\"42ebfb8f\" data-element_type=\"section\">\n\t\t\t\t\t\t<div class=\"elementor-container elementor-column-gap-default\">\n\t\t\t\t\t<div class=\"elementor-column elementor-col-100 elementor-top-column elementor-element elementor-element-7d915400\" data-id=\"7d915400\" data-element_type=\"column\">\n\t\t\t<div class=\"elementor-widget-wrap elementor-element-populated\">\n\t\t\t\t\t\t<div class=\"elementor-element elementor-element-7e594820 elementor-widget elementor-widget-text-editor\" data-id=\"7e594820\" data-element_type=\"widget\" data-widget_type=\"text-editor.default\">\n\t\t\t\t<div class=\"elementor-widget-container\">\n\t\t\t\t\t\t\t<!-- wp:paragraph -->\n<p>Wype\u0142niaj\u0105c zobowi\u0105zania wynikaj\u0105ce z przepis\u00f3w Dyrektywy Parlamentu Europejskiego i Rady (UE) 2019\/1937 z dnia 23 pa\u017adziernika 2019 r.\u00a0<em>w sprawie ochrony os\u00f3b zg\u0142aszaj\u0105cych naruszenia prawa Unii\u00a0<\/em>(Dz. Urz. UE L\u00a0 305\/17 z dnia 26.11.2019 r. ze zm.) oraz przepis\u00f3w ustawy z dnia 14 czerwca 2024 r.\u00a0<em>o ochronie sygnalist\u00f3w<\/em>\u00a0(Dz. U. z 2024 r., poz. 928 ze zm.) Wielkopolski Wojew\u00f3dzki Inspektor Inspekcji Handlowej wprowadzi\u0142\u00a0<strong>\u201eProcedur\u0119 zg\u0142aszania narusze\u0144 prawa w Wojew\u00f3dzkim Inspektoracie Inspekcji Handlowej w Poznaniu\u201d. (plik poni\u017cej).<\/strong><\/p>\n<!-- \/wp:paragraph -->\n\n<!-- wp:file {\"id\":2505,\"href\":\"https:\/\/poznan.wiih.gov.pl\/nowy-bip\/wp-content\/uploads\/2024\/12\/Procedura-zglaszania-naruszen-prawa-w-Wojewodzkim-Inspektoracie-Inspekcji-Handlowej-w-Poznaniu.pdf\",\"displayPreview\":true,\"align\":\"center\"} -->\n<div class=\"wp-block-file aligncenter\"><object class=\"wp-block-file__embed\" data=\"https:\/\/poznan.wiih.gov.pl\/nowy-bip\/wp-content\/uploads\/2024\/12\/Procedura-zglaszania-naruszen-prawa-w-Wojewodzkim-Inspektoracie-Inspekcji-Handlowej-w-Poznaniu.pdf\" type=\"application\/pdf\" style=\"width:100%;height:600px\" aria-label=\"Procedura zg\u0142aszania narusze\u0144 prawa w Wojew\u00f3dzkim Inspektoracie Inspekcji Handlowej w Poznaniu\"><\/object><a id=\"wp-block-file--media-36e5ea84-7dde-4e73-91eb-7b29fa2224da\" href=\"https:\/\/poznan.wiih.gov.pl\/nowy-bip\/wp-content\/uploads\/2024\/12\/Procedura-zglaszania-naruszen-prawa-w-Wojewodzkim-Inspektoracie-Inspekcji-Handlowej-w-Poznaniu.pdf\">Procedura zg\u0142aszania narusze\u0144 prawa w Wojew\u00f3dzkim Inspektoracie Inspekcji Handlowej w Poznaniu<\/a><a href=\"https:\/\/poznan.wiih.gov.pl\/nowy-bip\/wp-content\/uploads\/2024\/12\/Procedura-zglaszania-naruszen-prawa-w-Wojewodzkim-Inspektoracie-Inspekcji-Handlowej-w-Poznaniu.pdf\" class=\"wp-block-file__button wp-element-button\" download aria-describedby=\"wp-block-file--media-36e5ea84-7dde-4e73-91eb-7b29fa2224da\">Pobierz<\/a><\/div>\n<!-- \/wp:file -->\n\n<!-- wp:paragraph -->\n<p>Procedura ma na celu wprowadzenie przejrzystych zasad ujawniania przypadk\u00f3w narusze\u0144 prawa, podejmowania stosownych dzia\u0142a\u0144 naprawczych i ochron\u0119 dobrego wizerunku Wojew\u00f3dzkiego Inspektoratu Inspekcji Handlowej w Poznaniu poprzez ograniczanie konieczno\u015bci dokonania przez sygnalist\u0119 zg\u0142oszenia zewn\u0119trznego lub ujawnienia publicznego oraz ochron\u0119 zg\u0142aszaj\u0105cego.<\/p>\n<!-- \/wp:paragraph -->\n\n<!-- wp:paragraph -->\n<p><strong>Zg\u0142oszenia wewn\u0119trznego<\/strong>&nbsp;naruszenia prawa mo\u017cna dokona\u0107:<\/p>\n<!-- \/wp:paragraph -->\n\n<!-- wp:list -->\n<ul class=\"wp-block-list\"><!-- wp:list-item -->\n<li>poczt\u0105 tradycyjn\u0105 na adres Wojew\u00f3dzkiego Inspektoratu Inspekcji Handlowej w Poznaniu, Al. Marcinkowskiego 3, skrytka pocztowa nr 254, 60-967 Pozna\u0144, z dopiskiem na kopercie \u201eZg\u0142oszenie narusze\u0144 prawa\u201d;<\/li>\n<!-- \/wp:list-item -->\n\n<!-- wp:list-item -->\n<li>korespondencj\u0105 elektroniczn\u0105 skierowan\u0105 na poufn\u0105 skrzynk\u0119 e-mail:\u00a0<a href=\"mailto:sygnalista@poznan.wiih.gov.pl\">sygnalista@poznan.wiih.gov.pl<\/a>;<\/li>\n<!-- \/wp:list-item -->\n\n<!-- wp:list-item -->\n<li>na wniosek zg\u0142aszaj\u0105cego, za po\u015brednictwem bezpo\u015bredniego spotkania zorganizowanego w terminie 7 dni od dnia otrzymania zg\u0142oszenia, z kt\u00f3rego sporz\u0105dzony zostanie protok\u00f3\u0142.<\/li>\n<!-- \/wp:list-item --><\/ul>\n<!-- \/wp:list -->\n\n<!-- wp:paragraph -->\n<p><strong>Zg\u0142oszenia anonimowe nie s\u0105 przyjmowane, podlegaj\u0105 rejestracji i s\u0105 pozostawiane bez rozpoznania.<\/strong><\/p>\n<!-- \/wp:paragraph -->\n\n<!-- wp:paragraph -->\n<p><strong>Zg\u0142oszenia zewn\u0119trznego&nbsp;<\/strong>naruszenia prawa mo\u017cna dokona\u0107 do:<\/p>\n<!-- \/wp:paragraph -->\n\n<!-- wp:list -->\n<ul class=\"wp-block-list\"><!-- wp:list-item -->\n<li>Rzecznika Praw Obywatelskich, na stronie:\u00a0<a href=\"https:\/\/www.gov.pl\/web\/sygnalisci\/dokonaj-zgloszenia-zewnetrznego\">https:\/\/www.gov.pl\/web\/sygnalisci\/dokonaj-zgloszenia-zewnetrznego<\/a><\/li>\n<!-- \/wp:list-item -->\n\n<!-- wp:list-item -->\n<li>Prezesa Urz\u0119du Ochrony Konkurencji i Konsument\u00f3w, na stronie:\u00a0\u00a0<a href=\"https:\/\/uokik.gov.pl\/bip\/sygnalisci-zewnetrzni\">https:\/\/uokik.gov.pl\/bip\/sygnalisci-zewnetrzni<\/a><\/li>\n<!-- \/wp:list-item -->\n\n<!-- wp:list-item -->\n<li>innych organ\u00f3w publicznych, przyjmuj\u0105cych zg\u0142oszenia zewn\u0119trzne dotycz\u0105ce narusze\u0144 w dziedzinach nale\u017c\u0105cych do zakresu dzia\u0142ania Wojew\u00f3dzkiego Inspektoratu Inspekcji Handlowej w Poznaniu.<\/li>\n<!-- \/wp:list-item --><\/ul>\n<!-- \/wp:list -->\n\n<!-- wp:paragraph -->\n<p><strong>Zg\u0142osze\u0144 zewn\u0119trznych dokonuje si\u0119 w oparciu o procedur\u0119 opracowan\u0105 przez organ przyjmuj\u0105cy zg\u0142oszenie<\/strong>.<\/p>\n<!-- \/wp:paragraph -->\n\n<!-- wp:paragraph -->\n<p>Je\u017celi dany organ nie jest w\u0142a\u015bciwy do rozpoznania zg\u0142oszenia zewn\u0119trznego to przekieruje je do organu w\u0142a\u015bciwego.<\/p>\n<!-- \/wp:paragraph -->\t\t\t\t\t\t<\/div>\n\t\t\t\t<\/div>\n\t\t\t\t\t<\/div>\n\t\t<\/div>\n\t\t\t\t\t<\/div>\n\t\t<\/section>\n\t\t\t\t<\/div>\n\t\t","protected":false},"excerpt":{"rendered":"<p>Wype\u0142niaj\u0105c zobowi\u0105zania wynikaj\u0105ce z przepis\u00f3w Dyrektywy Parlamentu Europejskiego i Rady (UE) 2019\/1937 z dnia 23 pa\u017adziernika 2019 r.\u00a0w sprawie ochrony os\u00f3b zg\u0142aszaj\u0105cych naruszenia prawa Unii\u00a0(Dz. Urz. UE L\u00a0 305\/17 z dnia 26.11.2019 r. ze zm.) oraz przepis\u00f3w ustawy z dnia 14 czerwca 2024 r.\u00a0o ochronie sygnalist\u00f3w\u00a0(Dz. U. z 2024 r., poz. 928 ze zm.) Wielkopolski [&hellip;]<\/p>\n","protected":false},"author":7,"featured_media":0,"parent":0,"menu_order":0,"comment_status":"closed","ping_status":"closed","template":"","meta":{"_lmt_disableupdate":"","_lmt_disable":"","site-sidebar-layout":"no-sidebar","site-content-layout":"page-builder","ast-site-content-layout":"full-width-container","site-content-style":"unboxed","site-sidebar-style":"unboxed","ast-global-header-display":"","ast-banner-title-visibility":"","ast-main-header-display":"","ast-hfb-above-header-display":"","ast-hfb-below-header-display":"","ast-hfb-mobile-header-display":"","site-post-title":"disabled","ast-breadcrumbs-content":"","ast-featured-img":"disabled","footer-sml-layout":"","theme-transparent-header-meta":"","adv-header-id-meta":"","stick-header-meta":"","header-above-stick-meta":"","header-main-stick-meta":"","header-below-stick-meta":"","astra-migrate-meta-layouts":"set","ast-page-background-enabled":"default","ast-page-background-meta":{"desktop":{"background-color":"","background-image":"","background-repeat":"repeat","background-position":"center center","background-size":"auto","background-attachment":"scroll","background-type":"","background-media":"","overlay-type":"","overlay-color":"","overlay-opacity":"","overlay-gradient":""},"tablet":{"background-color":"","background-image":"","background-repeat":"repeat","background-position":"center center","background-size":"auto","background-attachment":"scroll","background-type":"","background-media":"","overlay-type":"","overlay-color":"","overlay-opacity":"","overlay-gradient":""},"mobile":{"background-color":"","background-image":"","background-repeat":"repeat","background-position":"center center","background-size":"auto","background-attachment":"scroll","background-type":"","background-media":"","overlay-type":"","overlay-color":"","overlay-opacity":"","overlay-gradient":""}},"ast-content-background-meta":{"desktop":{"background-color":"var(--ast-global-color-5)","background-image":"","background-repeat":"repeat","background-position":"center center","background-size":"auto","background-attachment":"scroll","background-type":"","background-media":"","overlay-type":"","overlay-color":"","overlay-opacity":"","overlay-gradient":""},"tablet":{"background-color":"var(--ast-global-color-5)","background-image":"","background-repeat":"repeat","background-position":"center center","background-size":"auto","background-attachment":"scroll","background-type":"","background-media":"","overlay-type":"","overlay-color":"","overlay-opacity":"","overlay-gradient":""},"mobile":{"background-color":"var(--ast-global-color-5)","background-image":"","background-repeat":"repeat","background-position":"center center","background-size":"auto","background-attachment":"scroll","background-type":"","background-media":"","overlay-type":"","overlay-color":"","overlay-opacity":"","overlay-gradient":""}},"footnotes":""},"class_list":["post-2495","page","type-page","status-publish","hentry"],"_links":{"self":[{"href":"https:\/\/poznan.wiih.gov.pl\/nowy-bip\/wp-json\/wp\/v2\/pages\/2495"}],"collection":[{"href":"https:\/\/poznan.wiih.gov.pl\/nowy-bip\/wp-json\/wp\/v2\/pages"}],"about":[{"href":"https:\/\/poznan.wiih.gov.pl\/nowy-bip\/wp-json\/wp\/v2\/types\/page"}],"author":[{"embeddable":true,"href":"https:\/\/poznan.wiih.gov.pl\/nowy-bip\/wp-json\/wp\/v2\/users\/7"}],"replies":[{"embeddable":true,"href":"https:\/\/poznan.wiih.gov.pl\/nowy-bip\/wp-json\/wp\/v2\/comments?post=2495"}],"version-history":[{"count":8,"href":"https:\/\/poznan.wiih.gov.pl\/nowy-bip\/wp-json\/wp\/v2\/pages\/2495\/revisions"}],"predecessor-version":[{"id":2511,"href":"https:\/\/poznan.wiih.gov.pl\/nowy-bip\/wp-json\/wp\/v2\/pages\/2495\/revisions\/2511"}],"wp:attachment":[{"href":"https:\/\/poznan.wiih.gov.pl\/nowy-bip\/wp-json\/wp\/v2\/media?parent=2495"}],"curies":[{"name":"wp","href":"https:\/\/api.w.org\/{rel}","templated":true}]}}