{"id":25,"date":"2019-12-09T09:57:44","date_gmt":"2019-12-09T08:57:44","guid":{"rendered":"http:\/\/serwer1917455.home.pl\/public_html\/nowy-bip\/?page_id=25"},"modified":"2020-10-07T08:52:41","modified_gmt":"2020-10-07T06:52:41","slug":"tryb-dzialania","status":"publish","type":"page","link":"https:\/\/poznan.wiih.gov.pl\/nowy-bip\/tryb-dzialania\/","title":{"rendered":"Tryb dzia\u0142ania"},"content":{"rendered":"<p>Tryb dzia\u0142ania Wojew\u00f3dzkiego Inspektoratu Inspekcji Handlowej reguluj\u0105 nast\u0119puj\u0105ce akty prawne:<\/p>\n<ol>\n<li>Ustawa z dnia 15 grudnia 2000 r. o Inspekcji Handlowej (Dz. U. z 2020 r., poz. 1706 t.j.)<\/li>\n<li>Ustawa z dnia 14 czerwca 1960 r. Kodeks post\u0119powania administracyjnego (Dz. U. z 2020 r., poz. 256 ze zm.)<\/li>\n<li>Rozporz\u0105dzenie Prezesa Rady Ministr\u00f3w z dnia 26 lipca 2001 r. w sprawie zasad organizacji wojew\u00f3dzkich inspektorat\u00f3w Inspekcji Handlowej (Dz. U. z 2018 r., poz. 1173 t.j.)<\/li>\n<li>Rozporz\u0105dzenie Prezesa Rady Ministr\u00f3w z dnia 4 sierpnia 2009 r. w sprawie wzoru legitymacji s\u0142u\u017cbowej pracownik\u00f3w Inspekcji Handlowej oraz trybu jej wydawania i wymiany, oraz wzor\u00f3w protoko\u0142u kontroli, protoko\u0142u ogl\u0119dzin i protoko\u0142u rozprawy (Dz. U. Nr 127, poz. 1056)<\/li>\n<li style=\"text-align: left;\">Rozporz\u0105dzenie Ministra Sprawiedliwo\u015bci z dnia 22 wrze\u015bnia 2015 r. w sprawie organ\u00f3w uprawnionych obok Policji do prowadzenia dochodze\u0144 oraz organ\u00f3w uprawnionych do wnoszenia i popierania oskar\u017cenia przed s\u0105dem pierwszej instancji w sprawach, w kt\u00f3rych prowadzono dochodzenie, jak r\u00f3wnie\u017c zakresu spraw zleconych tym organom (Dz. U. z 2018 r., poz. 522 t.j.)<\/li>\n<li>Rozporz\u0105dzenie Prezesa Rady Ministr\u00f3w z dnia 8 kwietnia 2003 r. w sprawie nadania inspektorom Inspekcji Handlowej uprawnie\u0144 do nak\u0142adania grzywien w drodze mandatu karnego (Dz. U. z 2003 r., Nr 63, poz. 587 ze zm.)<\/li>\n<li>\u00a0Rozporz\u0105dzenie Prezesa Rady Ministr\u00f3w z dnia 27 kwietnia 2012 r. w sprawie szczeg\u00f3\u0142owego trybu pobierania i badania pr\u00f3bek produkt\u00f3w przez organy Inspekcji Handlowej (Dz. U. z 2012 r., poz. 496)<\/li>\n<li>Rozporz\u0105dzenie Rady Ministr\u00f3w z dnia 5 marca 2002 r. w sprawie sposobu wsp\u00f3\u0142dzia\u0142ania organ\u00f3w Inspekcji Handlowej z powiatowym (miejskim) rzecznikiem konsument\u00f3w, organami administracji rz\u0105dowej i samorz\u0105dowej, organami kontroli oraz organizacjami pozarz\u0105dowymi reprezentuj\u0105cymi interesy konsument\u00f3w (Dz. U. z 2018 r., poz. 1072 t.j.)<\/li>\n<li>Rozporz\u0105dzenie Ministra Sprawiedliwo\u015bci z dnia 6 lipca 2017 r. w sprawie okre\u015blenia regulaminu organizacji i dzia\u0142ania sta\u0142ych s\u0105d\u00f3w polubownych przy wojew\u00f3dzkich inspektorach inspekcji handlowej (Dz. U. z 2017 r., poz. 1356)<\/li>\n<li>Rozporz\u0105dzenie Prezesa Rady Ministr\u00f3w z dnia 2 sierpnia 2001 r. w sprawie list rzeczoznawc\u00f3w do spraw jako\u015bci produkt\u00f3w lub us\u0142ug (Dz. U. z 2001 r., Nr 85, poz. 931)<\/li>\n<\/ol>\n<p>&nbsp;<\/p>\n<p>Wytwarzaj\u0105cy: Wioletta Cie\u015blak<\/p>\n","protected":false},"excerpt":{"rendered":"<p>Tryb dzia\u0142ania Wojew\u00f3dzkiego Inspektoratu Inspekcji Handlowej reguluj\u0105 nast\u0119puj\u0105ce akty prawne: Ustawa z dnia 15 grudnia 2000 r. o Inspekcji Handlowej (Dz. U. z 2020 r., poz. 1706 t.j.) Ustawa z dnia 14 czerwca 1960 r. Kodeks post\u0119powania administracyjnego (Dz. U. z 2020 r., poz. 256 ze zm.) Rozporz\u0105dzenie Prezesa Rady Ministr\u00f3w z dnia 26 lipca [&hellip;]<\/p>\n","protected":false},"author":1,"featured_media":0,"parent":0,"menu_order":0,"comment_status":"closed","ping_status":"closed","template":"","meta":{"_lmt_disableupdate":"no","_lmt_disable":"","site-sidebar-layout":"default","site-content-layout":"default","ast-site-content-layout":"","site-content-style":"default","site-sidebar-style":"default","ast-global-header-display":"","ast-banner-title-visibility":"","ast-main-header-display":"","ast-hfb-above-header-display":"","ast-hfb-below-header-display":"","ast-hfb-mobile-header-display":"","site-post-title":"","ast-breadcrumbs-content":"","ast-featured-img":"","footer-sml-layout":"","theme-transparent-header-meta":"default","adv-header-id-meta":"","stick-header-meta":"","header-above-stick-meta":"","header-main-stick-meta":"","header-below-stick-meta":"","astra-migrate-meta-layouts":"default","ast-page-background-enabled":"default","ast-page-background-meta":{"desktop":{"background-color":"","background-image":"","background-repeat":"repeat","background-position":"center center","background-size":"auto","background-attachment":"scroll","background-type":"","background-media":"","overlay-type":"","overlay-color":"","overlay-opacity":"","overlay-gradient":""},"tablet":{"background-color":"","background-image":"","background-repeat":"repeat","background-position":"center center","background-size":"auto","background-attachment":"scroll","background-type":"","background-media":"","overlay-type":"","overlay-color":"","overlay-opacity":"","overlay-gradient":""},"mobile":{"background-color":"","background-image":"","background-repeat":"repeat","background-position":"center center","background-size":"auto","background-attachment":"scroll","background-type":"","background-media":"","overlay-type":"","overlay-color":"","overlay-opacity":"","overlay-gradient":""}},"ast-content-background-meta":{"desktop":{"background-color":"var(--ast-global-color-5)","background-image":"","background-repeat":"repeat","background-position":"center center","background-size":"auto","background-attachment":"scroll","background-type":"","background-media":"","overlay-type":"","overlay-color":"","overlay-opacity":"","overlay-gradient":""},"tablet":{"background-color":"var(--ast-global-color-5)","background-image":"","background-repeat":"repeat","background-position":"center center","background-size":"auto","background-attachment":"scroll","background-type":"","background-media":"","overlay-type":"","overlay-color":"","overlay-opacity":"","overlay-gradient":""},"mobile":{"background-color":"var(--ast-global-color-5)","background-image":"","background-repeat":"repeat","background-position":"center center","background-size":"auto","background-attachment":"scroll","background-type":"","background-media":"","overlay-type":"","overlay-color":"","overlay-opacity":"","overlay-gradient":""}},"footnotes":""},"class_list":["post-25","page","type-page","status-publish","hentry"],"_links":{"self":[{"href":"https:\/\/poznan.wiih.gov.pl\/nowy-bip\/wp-json\/wp\/v2\/pages\/25"}],"collection":[{"href":"https:\/\/poznan.wiih.gov.pl\/nowy-bip\/wp-json\/wp\/v2\/pages"}],"about":[{"href":"https:\/\/poznan.wiih.gov.pl\/nowy-bip\/wp-json\/wp\/v2\/types\/page"}],"author":[{"embeddable":true,"href":"https:\/\/poznan.wiih.gov.pl\/nowy-bip\/wp-json\/wp\/v2\/users\/1"}],"replies":[{"embeddable":true,"href":"https:\/\/poznan.wiih.gov.pl\/nowy-bip\/wp-json\/wp\/v2\/comments?post=25"}],"version-history":[{"count":6,"href":"https:\/\/poznan.wiih.gov.pl\/nowy-bip\/wp-json\/wp\/v2\/pages\/25\/revisions"}],"predecessor-version":[{"id":553,"href":"https:\/\/poznan.wiih.gov.pl\/nowy-bip\/wp-json\/wp\/v2\/pages\/25\/revisions\/553"}],"wp:attachment":[{"href":"https:\/\/poznan.wiih.gov.pl\/nowy-bip\/wp-json\/wp\/v2\/media?parent=25"}],"curies":[{"name":"wp","href":"https:\/\/api.w.org\/{rel}","templated":true}]}}