{"id":2989,"date":"2025-06-17T08:15:48","date_gmt":"2025-06-17T06:15:48","guid":{"rendered":"https:\/\/poznan.wiih.gov.pl\/nowy-bip\/?page_id=2989"},"modified":"2026-04-10T08:54:26","modified_gmt":"2026-04-10T06:54:26","slug":"rok-2025","status":"publish","type":"page","link":"https:\/\/poznan.wiih.gov.pl\/nowy-bip\/decyzje\/rok-2025\/","title":{"rendered":"Rok 2025"},"content":{"rendered":"<p><strong><u>Wszystkie publikowane decyzje s\u0105 prawomocne i ostateczne<\/u><\/strong><\/p>\n<p><a href=\"https:\/\/poznan.wiih.gov.pl\/nowy-bip\/wp-content\/uploads\/2025\/08\/1-D.KO_.UH_.8361.105.2024-tekst-dostepny-cyfrowo-dla-osob-ze-szczegolnymi-potrzebami.docx\">1 D.KO.UH.8361.105.2024 tekst dost\u0119pny cyfrowo dla os\u00f3b ze szczeg\u00f3lnymi potrzebami<\/a><\/p>\n<p><a href=\"https:\/\/poznan.wiih.gov.pl\/nowy-bip\/wp-content\/uploads\/2025\/08\/1-D.KO_.UH_.8361.105.2024-1.pdf\">1 D.KO.UH.8361.105.2024<\/a><\/p>\n<p><a href=\"https:\/\/poznan.wiih.gov.pl\/nowy-bip\/wp-content\/uploads\/2025\/08\/6-D.LE_.UH_.8361.108.2024-tekst-dostepny-cyfrowo-dla-osob-ze-szczegolnymi-potrzebami.docx\">6 D.LE.UH.8361.108.2024 tekst dost\u0119pny cyfrowo dla os\u00f3b ze szczeg\u00f3lnymi potrzebami<\/a><\/p>\n<p><a href=\"https:\/\/poznan.wiih.gov.pl\/nowy-bip\/wp-content\/uploads\/2025\/08\/6-D.LE_.UH_.8361.108.2024-1.pdf\">6 D.LE.UH.8361.108.2024<\/a><\/p>\n<p><a href=\"https:\/\/poznan.wiih.gov.pl\/nowy-bip\/wp-content\/uploads\/2025\/08\/7-D.LE_.UH_.8361.108.2024-tekst-dostepny-cyfrowo-dla-osob-ze-szczegolnymi-potrzebami.docx\">7 D.LE.UH.8361.108.2024 tekst dost\u0119pny cyfrowo dla os\u00f3b ze szczeg\u00f3lnymi potrzebami<\/a><\/p>\n<p><a href=\"https:\/\/poznan.wiih.gov.pl\/nowy-bip\/wp-content\/uploads\/2025\/08\/7-D.LE_.UH_.8361.108.2024-1.pdf\">7 D.LE.UH.8361.108.2024<\/a><\/p>\n<p><a href=\"https:\/\/poznan.wiih.gov.pl\/nowy-bip\/wp-content\/uploads\/2025\/08\/9-D.LE_.UH_.8361.112.2024-tekst-dostepny-cyfrowo-dla-osob-ze-szczegolnymi-potrzebami.docx\">9 D.LE.UH.8361.112.2024 tekst dost\u0119pny cyfrowo dla os\u00f3b ze szczeg\u00f3lnymi potrzebami<\/a><\/p>\n<p><a href=\"https:\/\/poznan.wiih.gov.pl\/nowy-bip\/wp-content\/uploads\/2025\/08\/9-D.LE_.UH_.8361.112.2024-1.pdf\">9 D.LE.UH.8361.112.2024<\/a><\/p>\n","protected":false},"excerpt":{"rendered":"<p>Wszystkie publikowane decyzje s\u0105 prawomocne i ostateczne 1 D.KO.UH.8361.105.2024 tekst dost\u0119pny cyfrowo dla os\u00f3b ze szczeg\u00f3lnymi potrzebami 1 D.KO.UH.8361.105.2024 6 D.LE.UH.8361.108.2024 tekst dost\u0119pny cyfrowo dla os\u00f3b ze szczeg\u00f3lnymi potrzebami 6 D.LE.UH.8361.108.2024 7 D.LE.UH.8361.108.2024 tekst dost\u0119pny cyfrowo dla os\u00f3b ze szczeg\u00f3lnymi potrzebami 7 D.LE.UH.8361.108.2024 9 D.LE.UH.8361.112.2024 tekst dost\u0119pny cyfrowo dla os\u00f3b ze szczeg\u00f3lnymi potrzebami 9 D.LE.UH.8361.112.2024<\/p>\n","protected":false},"author":7,"featured_media":0,"parent":43,"menu_order":0,"comment_status":"closed","ping_status":"closed","template":"","meta":{"_lmt_disableupdate":"no","_lmt_disable":"no","site-sidebar-layout":"default","site-content-layout":"default","ast-site-content-layout":"default","site-content-style":"default","site-sidebar-style":"default","ast-global-header-display":"","ast-banner-title-visibility":"","ast-main-header-display":"","ast-hfb-above-header-display":"","ast-hfb-below-header-display":"","ast-hfb-mobile-header-display":"","site-post-title":"","ast-breadcrumbs-content":"","ast-featured-img":"","footer-sml-layout":"","theme-transparent-header-meta":"default","adv-header-id-meta":"","stick-header-meta":"","header-above-stick-meta":"","header-main-stick-meta":"","header-below-stick-meta":"","astra-migrate-meta-layouts":"set","ast-page-background-enabled":"default","ast-page-background-meta":{"desktop":{"background-color":"","background-image":"","background-repeat":"repeat","background-position":"center center","background-size":"auto","background-attachment":"scroll","background-type":"","background-media":"","overlay-type":"","overlay-color":"","overlay-opacity":"","overlay-gradient":""},"tablet":{"background-color":"","background-image":"","background-repeat":"repeat","background-position":"center center","background-size":"auto","background-attachment":"scroll","background-type":"","background-media":"","overlay-type":"","overlay-color":"","overlay-opacity":"","overlay-gradient":""},"mobile":{"background-color":"","background-image":"","background-repeat":"repeat","background-position":"center center","background-size":"auto","background-attachment":"scroll","background-type":"","background-media":"","overlay-type":"","overlay-color":"","overlay-opacity":"","overlay-gradient":""}},"ast-content-background-meta":{"desktop":{"background-color":"var(--ast-global-color-5)","background-image":"","background-repeat":"repeat","background-position":"center center","background-size":"auto","background-attachment":"scroll","background-type":"","background-media":"","overlay-type":"","overlay-color":"","overlay-opacity":"","overlay-gradient":""},"tablet":{"background-color":"var(--ast-global-color-5)","background-image":"","background-repeat":"repeat","background-position":"center center","background-size":"auto","background-attachment":"scroll","background-type":"","background-media":"","overlay-type":"","overlay-color":"","overlay-opacity":"","overlay-gradient":""},"mobile":{"background-color":"var(--ast-global-color-5)","background-image":"","background-repeat":"repeat","background-position":"center center","background-size":"auto","background-attachment":"scroll","background-type":"","background-media":"","overlay-type":"","overlay-color":"","overlay-opacity":"","overlay-gradient":""}},"footnotes":""},"class_list":["post-2989","page","type-page","status-publish","hentry"],"_links":{"self":[{"href":"https:\/\/poznan.wiih.gov.pl\/nowy-bip\/wp-json\/wp\/v2\/pages\/2989"}],"collection":[{"href":"https:\/\/poznan.wiih.gov.pl\/nowy-bip\/wp-json\/wp\/v2\/pages"}],"about":[{"href":"https:\/\/poznan.wiih.gov.pl\/nowy-bip\/wp-json\/wp\/v2\/types\/page"}],"author":[{"embeddable":true,"href":"https:\/\/poznan.wiih.gov.pl\/nowy-bip\/wp-json\/wp\/v2\/users\/7"}],"replies":[{"embeddable":true,"href":"https:\/\/poznan.wiih.gov.pl\/nowy-bip\/wp-json\/wp\/v2\/comments?post=2989"}],"version-history":[{"count":2,"href":"https:\/\/poznan.wiih.gov.pl\/nowy-bip\/wp-json\/wp\/v2\/pages\/2989\/revisions"}],"predecessor-version":[{"id":3115,"href":"https:\/\/poznan.wiih.gov.pl\/nowy-bip\/wp-json\/wp\/v2\/pages\/2989\/revisions\/3115"}],"up":[{"embeddable":true,"href":"https:\/\/poznan.wiih.gov.pl\/nowy-bip\/wp-json\/wp\/v2\/pages\/43"}],"wp:attachment":[{"href":"https:\/\/poznan.wiih.gov.pl\/nowy-bip\/wp-json\/wp\/v2\/media?parent=2989"}],"curies":[{"name":"wp","href":"https:\/\/api.w.org\/{rel}","templated":true}]}}